{"id":51150,"date":"2021-11-26T08:27:06","date_gmt":"2021-11-26T08:27:06","guid":{"rendered":"https:\/\/progegroup.com\/automation\/"},"modified":"2024-02-15T08:36:35","modified_gmt":"2024-02-15T08:36:35","slug":"automation","status":"publish","type":"page","link":"https:\/\/progegroup.com\/es\/automation\/","title":{"rendered":"Automation"},"content":{"rendered":"<p>[et_pb_section fb_built=\u00bb1&#8243; fullwidth=\u00bbon\u00bb _builder_version=\u00bb4.16&#8243; locked=\u00bboff\u00bb global_colors_info=\u00bb{}\u00bb][et_pb_fullwidth_slider arrows_custom_color=\u00bb#ffffff\u00bb dot_nav_custom_color=\u00bb#ffffff\u00bb _builder_version=\u00bb4.24.0&#8243; header_font=\u00bbPoppins|700||on|||||\u00bb header_text_color=\u00bb#ffffff\u00bb header_font_size=\u00bb40px\u00bb header_line_height=\u00bb1.5em\u00bb body_font=\u00bbRoboto|300|||||||\u00bb body_text_color=\u00bb#ffffff\u00bb body_font_size=\u00bb15px\u00bb body_line_height=\u00bb1.8em\u00bb custom_button=\u00bbon\u00bb button_text_size=\u00bb14px\u00bb button_text_color=\u00bb#000000&#8243; button_bg_color=\u00bb#ffffff\u00bb button_border_width=\u00bb11px\u00bb button_border_color=\u00bb#ffffff\u00bb button_border_radius=\u00bb0px\u00bb button_letter_spacing=\u00bb1px\u00bb button_font=\u00bbPoppins|||on|||||\u00bb button_use_icon=\u00bboff\u00bb button_custom_margin=\u00bb34px||||false|false\u00bb custom_padding=\u00bb15.5%||15.5%||true|false\u00bb header_font_size_tablet=\u00bb\u00bb header_font_size_phone=\u00bb25px\u00bb header_font_size_last_edited=\u00bbon|desktop\u00bb global_colors_info=\u00bb{}\u00bb button_text_color__hover=\u00bb#474747&#8243; button_text_color__hover_enabled=\u00bbon\u00bb button_bg_color__hover=\u00bb#bfbfbf\u00bb button_bg_color__hover_enabled=\u00bbon\u00bb button_border_color__hover=\u00bb#bfbfbf\u00bb button_border_color__hover_enabled=\u00bbon\u00bb button_letter_spacing__hover=\u00bb2px\u00bb button_letter_spacing__hover_enabled=\u00bbon\u00bb][et_pb_slide heading=\u00bbAUTOMATION\u00bb _builder_version=\u00bb4.24.0&#8243; header_level=\u00bbh2&#8243; header_font=\u00bbPT Serif|700||on|||||\u00bb header_font_size=\u00bb52px\u00bb body_font=\u00bbPT Serif|700||on|||||\u00bb body_font_size=\u00bb52px\u00bb body_line_height=\u00bb1.1em\u00bb background_enable_color=\u00bboff\u00bb use_background_color_gradient=\u00bbon\u00bb background_color_gradient_stops=\u00bbrgba(140,140,140,0.15) 0%|rgba(0,0,0,0.45) 100%\u00bb background_color_gradient_overlays_image=\u00bbon\u00bb background_color_gradient_start=\u00bbrgba(140,140,140,0.15)\u00bb background_color_gradient_end=\u00bbrgba(0,0,0,0.45)\u00bb background_image=\u00bbhttps:\/\/progegroup.com\/wp-content\/uploads\/2021\/09\/gallery-homOTIVE.jpg\u00bb background_enable_image=\u00bbon\u00bb hover_enabled=\u00bb0&#8243; header_font_size_tablet=\u00bb45px\u00bb header_font_size_phone=\u00bb38px\u00bb header_font_size_last_edited=\u00bbon|tablet\u00bb body_font_size_tablet=\u00bb42px\u00bb body_font_size_phone=\u00bb36px\u00bb body_font_size_last_edited=\u00bbon|phone\u00bb header_text_shadow_style=\u00bbpreset4&#8243; global_colors_info=\u00bb{}\u00bb sticky_transition=\u00bbon\u00bb sticky_enabled=\u00bb0&#8243;]<\/p>\n<p>CREA TU INDUSTRIA 5.0<\/p>\n<p>[\/et_pb_slide][\/et_pb_fullwidth_slider][\/et_pb_section][et_pb_section fb_built=\u00bb1&#8243; _builder_version=\u00bb4.16&#8243; _module_preset=\u00bbdefault\u00bb custom_padding=\u00bb39px||10px|||\u00bb global_colors_info=\u00bb{}\u00bb][et_pb_row _builder_version=\u00bb4.16&#8243; _module_preset=\u00bbdefault\u00bb custom_padding=\u00bb26px|||||\u00bb global_colors_info=\u00bb{}\u00bb][et_pb_column type=\u00bb4_4&#8243; _builder_version=\u00bb4.16&#8243; _module_preset=\u00bbdefault\u00bb global_colors_info=\u00bb{}\u00bb][et_pb_text _builder_version=\u00bb4.24.0&#8243; _module_preset=\u00bbdefault\u00bb hover_enabled=\u00bb0&#8243; text_font_size_tablet=\u00bb\u00bb text_font_size_phone=\u00bb15px\u00bb text_font_size_last_edited=\u00bbon|phone\u00bb global_colors_info=\u00bb{}\u00bb sticky_enabled=\u00bb0&#8243;]<\/p>\n<p>Gracias a nuestros expertos en el campo de la automatizaci\u00f3n, hemos desarrollado integraciones especiales de hardware y software que pueden apoyar una evoluci\u00f3n tecnol\u00f3gica en las empresas de los clientes y mejorar el sistema de producci\u00f3n de la empresa en todas sus fases.<\/p>\n<p>Gracias a la constante presencia y gesti\u00f3n de proyectos a nivel nacional e internacional, ahora podemos ofrecer soluciones cada vez m\u00e1s eficaces centr\u00e1ndonos en la integraci\u00f3n de los recursos, generando valor adicional, reduciendo las ineficiencias, potenciando el conocimiento y mejorando la capacidad de planificaci\u00f3n y reacci\u00f3n para mejorar a la eficiencia de la producci\u00f3n.<\/p>\n<p>El t\u00e9rmino \u201cIndustria 4.0\u201d indica una tendencia en la automatizaci\u00f3n industrial que integra nuevas tecnolog\u00edas de producci\u00f3n para mejorar las condiciones de trabajo y aumentar la productividad y la calidad de la producci\u00f3n de las plantas.<\/p>\n<p>De hecho, creamos sistemas totalmente automatizados utilizando tecnolog\u00edas rob\u00f3ticas, reconocimiento de objetos, control de calidad, sistemas y tecnolog\u00edas de la informaci\u00f3n para la transformaci\u00f3n tecnol\u00f3gica y digital de los procesos de producci\u00f3n en las instalaciones de fabricaci\u00f3n.<\/p>\n<p>Las diferentes aplicaciones fueran construidas personalizadas de acuerdo con los requisitos del cliente y la tipolog\u00eda de l\u00ednea dise\u00f1ada y desarrollada o seg\u00fan la l\u00ednea preexistente.<\/p>\n<p>Como evoluci\u00f3n de la 4.0, la <strong>Industria 5.0<\/strong> se centra en la colaboraci\u00f3n entre humanos y m\u00e1quinas, fomentando la econom\u00eda circular, la sostenibilidad medioambiental y la personalizaci\u00f3n de las plantas. <\/p>\n<p>Las inversiones del Grupo se orientan hacia el desarrollo de la Industria 5.0, ofreciendo importantes oportunidades de innovaci\u00f3n y crecimiento sostenible. <\/p>\n<p>Entre las notas de m\u00e9rito, somos FANUC SYSTEM INTEGRATOR tanto por la rob\u00f3ica como los sist\u00e9mas de tecnolog\u00eda CN.<\/p>\n<p>[\/et_pb_text][\/et_pb_column][\/et_pb_row][\/et_pb_section]<\/p>\n","protected":false},"excerpt":{"rendered":"<p>CREA TU INDUSTRIA 5.0Gracias a nuestros expertos en el campo de la automatizaci\u00f3n, hemos desarrollado integraciones especiales de hardware y software que pueden apoyar una evoluci\u00f3n tecnol\u00f3gica en las empresas de los clientes y mejorar el sistema de producci\u00f3n de la empresa en todas sus fases. Gracias a la constante presencia y gesti\u00f3n de proyectos a nivel nacional e internacional, ahora podemos ofrecer soluciones cada vez m\u00e1s eficaces centr\u00e1ndonos en la integraci\u00f3n de los recursos, generando valor adicional, reduciendo las ineficiencias, potenciando el conocimiento y mejorando la capacidad de planificaci\u00f3n y reacci\u00f3n para mejorar a la eficiencia de la producci\u00f3n. El t\u00e9rmino \u201cIndustria 4.0\u201d indica una tendencia en la automatizaci\u00f3n industrial que integra nuevas tecnolog\u00edas de producci\u00f3n para mejorar las condiciones de trabajo y aumentar la productividad y la calidad de la producci\u00f3n de las plantas. De hecho, creamos sistemas totalmente automatizados utilizando tecnolog\u00edas rob\u00f3ticas, reconocimiento de objetos, control de calidad, sistemas y tecnolog\u00edas de la informaci\u00f3n para la transformaci\u00f3n tecnol\u00f3gica y digital de los procesos de producci\u00f3n en las instalaciones de fabricaci\u00f3n. Las diferentes aplicaciones fueran construidas personalizadas de acuerdo con los requisitos del cliente y la tipolog\u00eda de l\u00ednea dise\u00f1ada y desarrollada o seg\u00fan la l\u00ednea preexistente. Como [&hellip;]<\/p>\n","protected":false},"author":1,"featured_media":0,"parent":0,"menu_order":0,"comment_status":"closed","ping_status":"closed","template":"","meta":{"_et_pb_use_builder":"on","_et_pb_old_content":"","_et_gb_content_width":"","footnotes":""},"class_list":["post-51150","page","type-page","status-publish","hentry"],"_links":{"self":[{"href":"https:\/\/progegroup.com\/es\/wp-json\/wp\/v2\/pages\/51150","targetHints":{"allow":["GET"]}}],"collection":[{"href":"https:\/\/progegroup.com\/es\/wp-json\/wp\/v2\/pages"}],"about":[{"href":"https:\/\/progegroup.com\/es\/wp-json\/wp\/v2\/types\/page"}],"author":[{"embeddable":true,"href":"https:\/\/progegroup.com\/es\/wp-json\/wp\/v2\/users\/1"}],"replies":[{"embeddable":true,"href":"https:\/\/progegroup.com\/es\/wp-json\/wp\/v2\/comments?post=51150"}],"version-history":[{"count":0,"href":"https:\/\/progegroup.com\/es\/wp-json\/wp\/v2\/pages\/51150\/revisions"}],"wp:attachment":[{"href":"https:\/\/progegroup.com\/es\/wp-json\/wp\/v2\/media?parent=51150"}],"curies":[{"name":"wp","href":"https:\/\/api.w.org\/{rel}","templated":true}]}}