{"id":51162,"date":"2021-11-26T08:36:06","date_gmt":"2021-11-26T08:36:06","guid":{"rendered":"https:\/\/progegroup.com\/quien-somos\/"},"modified":"2026-01-22T16:31:30","modified_gmt":"2026-01-22T16:31:30","slug":"quien-somos","status":"publish","type":"page","link":"https:\/\/progegroup.com\/es\/quien-somos\/","title":{"rendered":"\u00bfQui\u00e8n somos?"},"content":{"rendered":"<p>[et_pb_section fb_built=\u00bb1&#8243; fullwidth=\u00bbon\u00bb _builder_version=\u00bb4.16&#8243; locked=\u00bboff\u00bb global_colors_info=\u00bb{}\u00bb][et_pb_fullwidth_slider arrows_custom_color=\u00bb#ffffff\u00bb dot_nav_custom_color=\u00bb#ffffff\u00bb _builder_version=\u00bb4.25.0&#8243; header_font=\u00bbPoppins|700||on|||||\u00bb header_text_color=\u00bb#ffffff\u00bb header_font_size=\u00bb40px\u00bb header_line_height=\u00bb1.5em\u00bb body_font=\u00bbRoboto|300|||||||\u00bb body_text_color=\u00bb#ffffff\u00bb body_font_size=\u00bb15px\u00bb body_line_height=\u00bb1.8em\u00bb custom_button=\u00bbon\u00bb button_text_size=\u00bb14px\u00bb button_text_color=\u00bb#000000&#8243; button_bg_color=\u00bb#ffffff\u00bb button_border_width=\u00bb11px\u00bb button_border_color=\u00bb#ffffff\u00bb button_border_radius=\u00bb0px\u00bb button_letter_spacing=\u00bb1px\u00bb button_font=\u00bbPoppins|||on|||||\u00bb button_use_icon=\u00bboff\u00bb button_custom_margin=\u00bb34px||||false|false\u00bb custom_padding=\u00bb15.5%||15.5%||true|false\u00bb hover_enabled=\u00bb0&#8243; header_font_size_tablet=\u00bb\u00bb header_font_size_phone=\u00bb25px\u00bb header_font_size_last_edited=\u00bbon|desktop\u00bb global_colors_info=\u00bb{}\u00bb button_text_color__hover=\u00bb#474747&#8243; button_text_color__hover_enabled=\u00bbon\u00bb button_bg_color__hover=\u00bb#bfbfbf\u00bb button_bg_color__hover_enabled=\u00bbon\u00bb button_border_color__hover=\u00bb#bfbfbf\u00bb button_border_color__hover_enabled=\u00bbon\u00bb button_letter_spacing__hover=\u00bb2px\u00bb button_letter_spacing__hover_enabled=\u00bbon\u00bb sticky_enabled=\u00bb0&#8243;][et_pb_slide heading=\u00bb\u00bfQUI\u00c9N SOMOS?\u00bb _builder_version=\u00bb4.25.0&#8243; header_level=\u00bbh2&#8243; header_font=\u00bbPT Serif|700||on|||||\u00bb header_font_size=\u00bb52px\u00bb body_font=\u00bbPT Serif|700||on|||||\u00bb body_font_size=\u00bb52px\u00bb body_line_height=\u00bb1.1em\u00bb background_enable_color=\u00bboff\u00bb use_background_color_gradient=\u00bbon\u00bb background_color_gradient_stops=\u00bbrgba(140,140,140,0.15) 0%|rgba(0,0,0,0.45) 100%\u00bb background_color_gradient_overlays_image=\u00bbon\u00bb background_color_gradient_start=\u00bbrgba(140,140,140,0.15)\u00bb background_color_gradient_end=\u00bbrgba(0,0,0,0.45)\u00bb background_image=\u00bbhttps:\/\/progegroup.com\/wp-content\/uploads\/2025\/12\/PROGEGROUP-scaled.jpg\u00bb background_enable_image=\u00bbon\u00bb hover_enabled=\u00bb0&#8243; header_font_size_tablet=\u00bb45px\u00bb header_font_size_phone=\u00bb38px\u00bb header_font_size_last_edited=\u00bbon|tablet\u00bb body_font_size_tablet=\u00bb42px\u00bb body_font_size_phone=\u00bb36px\u00bb body_font_size_last_edited=\u00bbon|phone\u00bb header_text_shadow_style=\u00bbpreset4&#8243; global_colors_info=\u00bb{}\u00bb sticky_transition=\u00bbon\u00bb title_text=\u00bbPROGEGROUP\u00bb sticky_enabled=\u00bb0&#8243;]<\/p>\n<p>PROGEGROUP &#8211; YOUR PARTNER FOR PRODUCTION<\/p>\n<p>[\/et_pb_slide][\/et_pb_fullwidth_slider][\/et_pb_section][et_pb_section fb_built=\u00bb1&#8243; _builder_version=\u00bb4.16&#8243; _module_preset=\u00bbdefault\u00bb custom_padding=\u00bb39px||10px|||\u00bb global_colors_info=\u00bb{}\u00bb][et_pb_row _builder_version=\u00bb4.16&#8243; _module_preset=\u00bbdefault\u00bb custom_padding=\u00bb26px|||||\u00bb global_colors_info=\u00bb{}\u00bb][et_pb_column type=\u00bb4_4&#8243; _builder_version=\u00bb4.16&#8243; _module_preset=\u00bbdefault\u00bb global_colors_info=\u00bb{}\u00bb][et_pb_text _builder_version=\u00bb4.24.0&#8243; _module_preset=\u00bbdefault\u00bb text_font_size_tablet=\u00bb\u00bb text_font_size_phone=\u00bb15px\u00bb text_font_size_last_edited=\u00bbon|phone\u00bb global_colors_info=\u00bb{}\u00bb]<\/p>\n<p align=\"JUSTIFY\"><span lang=\"it-IT\"><strong>PROGEGROUP<\/strong> engloba dos empresas diferentes cuyo denominador com\u00fan es la dedicaci\u00f3n a la continua investigaci\u00f3n de la innovaci\u00f3n tecnol\u00f3gica en el procesamiento de met\u00e1les, especialmente el al\u00faminio, el acero y el cobre.<\/span><\/p>\n<p align=\"JUSTIFY\"><span lang=\"it-IT\"><b>Proge-Tec Srl<\/b><\/span><span lang=\"it-IT\"> es la hist\u00f3rica empresa del grupo fundada en el 1999 y colocada inicialmente en la sede de Ospiate di Bollate (MI). Siempre animada por su idea de innovaci\u00f3n, fue una de las primera empresas de Italia en fundarse con el \u20ac, cuando el sist\u00e9ma a\u00fan no estaba preparado por esta novedad. Sobre fuerte empujo de sus clientes, la empresa dise\u00f1a y comienza a producir sus primeras remachadoras autom\u00e1ticas y semi-autom\u00e1ticas que aumentan considerablemente la capacidad productiva y la calidad de los productos. En los a\u00f1os siguientes se desarrollan nuevas tecnolog\u00edas de atornillado, embalaje y moldeo. Se registren as\u00ed diferentes patentes y en casi veinte a\u00f1os de actividad han sido producidas y exportadas en todo el mundo cientos de m\u00e1quinas y l\u00edneas de la marca. Hoy la empresa es un\u00e1nimemente reconocida como l\u00edder mundial en sus tecnolog\u00edas.<\/span><\/p>\n<p align=\"JUSTIFY\"><span lang=\"it-IT\">Desde la necesidad de crear y poner en marcha l\u00edneas de producci\u00f3n completas surge otra importante empresa: <\/span><span lang=\"it-IT\"><b>P.Technologies Srl.<\/b><\/span><span lang=\"it-IT\"> Esto ha llevado al desarrollo de tornos, soldadoras y m\u00e1quinas por procesamientos especiales, dise\u00f1adas espec\u00edficatamente por las empresas que operan en el sector de los utensilios de cocina. Gracias a un grupo de dise\u00f1adores y expertos de automaci\u00f3n, la empresa fundada en 2003 comienza a producir l\u00edneas totalmente automatizadas.<\/span><\/p>\n<p align=\"JUSTIFY\"><span lang=\"it-IT\">En la actualidad hay varias l\u00edneas en todo el mundo y cada una se personaliza seg\u00fan las necesidades de los clientes.<\/span><\/p>\n<p align=\"JUSTIFY\"><span lang=\"it-IT\">Dado el continuo crescimiento en el sector y el aumento de la producci\u00f3n de las m\u00e1quinas, el grupo se traslad\u00f3 a Melegnano (MI), una ubicaci\u00f3n estrategica en el centro de importantes cruces de autopistas.<\/span><\/p>\n<p align=\"JUSTIFY\"><span lang=\"it-IT\">En paralelo a las m\u00e1quinas utensilios, se desarroll\u00f3 el deseo de poder ofrecer un servicio m\u00e1s completo a los clientes y por esta raz\u00f3n en 2008 la empresa P.Technologies decidi\u00f3 adquirir la famosa marca <\/span><span lang=\"it-IT\"><b>Novac Coating.<\/b><\/span><span lang=\"it-IT\"> y entrar en el sector de la pintura industrial. En los m\u00e1s de 10 a\u00f1os transcurridos desde la adquisici\u00f3n, la empresa cuenta con la creaci\u00f3n de decenas de l\u00edneas de alto contenido tecnol\u00f3gico, dise\u00f1adas ad hoc seg\u00fan las necesidades de los clientes y realizadas con materiales de primera calidad. La empresa en 2010 adquiere la marca <\/span><span lang=\"it-IT\"><b>CMN<\/b><\/span><span lang=\"it-IT\">, otra importante empresa en el \u00e1mbito de la pintura y de los sistemas de lavado industrial, confirmando el liderazgo del grupo en el sector.<\/span><\/p>\n<p align=\"JUSTIFY\"><span lang=\"it-IT\">La \u00faltima adquisici\u00f3n en enero de 2022, esta vez en el sector de la m\u00e1quina herramienta, es la empresa <strong>Samis Systems Srl<\/strong>. A\u00f1ade l\u00edneas de punzonado de discos de acero y aluminio, moldes y sistemas de paletizaci\u00f3n a la gama de productos de PROGEGROUP.<\/span><span lang=\"it-IT\"><\/span><\/p>\n<p align=\"JUSTIFY\"><span lang=\"it-IT\">En 2023, el Grupo se traslada a Galgagnano (LO), a una nueva planta con una superficie total de 58.000 metros cuadrados para hacer frente a las nuevas necesidades de producci\u00f3n. <\/span><span lang=\"it-IT\"><\/span><\/p>\n<p align=\"JUSTIFY\"><span lang=\"it-IT\">Despu\u00e9s del traslado a la nueva sede, las empresas se unifican oficialmente bajo el mismo nombre: <strong>PROGEGROUP Srl<\/strong>. El Grupo garantiza y ampl\u00eda todos los servicios ofrecidos por sus empresas y marcas predecesoras. <\/span><\/p>\n<p align=\"JUSTIFY\"><span lang=\"it-IT\">En los \u00faltimos a\u00f1os, la experiencia adquirida ha dado lugar a importantes desarrollos tecnol\u00f3gicos que han permitido una transformaci\u00f3n tecnol\u00f3gica del mercado hacia productos relacionados con el dise\u00f1o y la innovaci\u00f3n.<\/span><\/p>\n<p align=\"JUSTIFY\"><span lang=\"it-IT\">PROGEGROUP siempre apoya el Made in Italy y por lo que tanto el dise\u00f1o como la producci\u00f3n de las m\u00e1quinas y de los sistemas se realizan totalmente en Italia.<\/span><\/p>\n<p>[\/et_pb_text][\/et_pb_column][\/et_pb_row][et_pb_row _builder_version=\u00bb4.16&#8243; _module_preset=\u00bbdefault\u00bb global_colors_info=\u00bb{}\u00bb][et_pb_column type=\u00bb4_4&#8243; _builder_version=\u00bb4.16&#8243; _module_preset=\u00bbdefault\u00bb global_colors_info=\u00bb{}\u00bb][et_pb_text _builder_version=\u00bb4.16&#8243; _module_preset=\u00bbdefault\u00bb header_3_font=\u00bb|600|||||||\u00bb header_3_text_color=\u00bb#155eaa\u00bb text_font_size_tablet=\u00bb\u00bb text_font_size_phone=\u00bb15px\u00bb text_font_size_last_edited=\u00bbon|phone\u00bb header_font_size_tablet=\u00bb\u00bb header_font_size_phone=\u00bb25px\u00bb header_font_size_last_edited=\u00bbon|phone\u00bb global_colors_info=\u00bb{}\u00bb]<\/p>\n<h3>Nuestros servicios<\/h3>\n<p>El profundo conocimiento de las cuestiones t\u00e9cnico-aplicativas del \u00e1mbito nos permite ofrecer a nuestros clientes una asistencia completa y personalizada.<br \/>En particular:<br \/>&#8211; Asesoramiento t\u00e9cnico de procesos y innovaci\u00f3n t\u00e9cnico-productiva;<br \/>&#8211; Estudio de factibilidad y dise\u00f1o de plantas, m\u00e1quinas, partes mec\u00e1nicas y equipos espec\u00edficos o dedicados al producto;<br \/>&#8211; Automaciones de m\u00e1quinas y sistemas preexistentes;<br \/>&#8211; Dise\u00f1o mec\u00e1nico, el\u00e9ctrico y oleodin\u00e1mico;<br \/>&#8211; Implementaci\u00f3n de software industriales de proceso y supervisi\u00f3n;<br \/>&#8211; after sales;<br \/>&#8211; Manutenci\u00f3n sistemas.<\/p>\n<p>[\/et_pb_text][\/et_pb_column][\/et_pb_row][\/et_pb_section]<\/p>\n","protected":false},"excerpt":{"rendered":"<p>PROGEGROUP &#8211; YOUR PARTNER FOR PRODUCTIONPROGEGROUP engloba dos empresas diferentes cuyo denominador com\u00fan es la dedicaci\u00f3n a la continua investigaci\u00f3n de la innovaci\u00f3n tecnol\u00f3gica en el procesamiento de met\u00e1les, especialmente el al\u00faminio, el acero y el cobre. Proge-Tec Srl es la hist\u00f3rica empresa del grupo fundada en el 1999 y colocada inicialmente en la sede de Ospiate di Bollate (MI). Siempre animada por su idea de innovaci\u00f3n, fue una de las primera empresas de Italia en fundarse con el \u20ac, cuando el sist\u00e9ma a\u00fan no estaba preparado por esta novedad. Sobre fuerte empujo de sus clientes, la empresa dise\u00f1a y comienza a producir sus primeras remachadoras autom\u00e1ticas y semi-autom\u00e1ticas que aumentan considerablemente la capacidad productiva y la calidad de los productos. En los a\u00f1os siguientes se desarrollan nuevas tecnolog\u00edas de atornillado, embalaje y moldeo. Se registren as\u00ed diferentes patentes y en casi veinte a\u00f1os de actividad han sido producidas y exportadas en todo el mundo cientos de m\u00e1quinas y l\u00edneas de la marca. Hoy la empresa es un\u00e1nimemente reconocida como l\u00edder mundial en sus tecnolog\u00edas. Desde la necesidad de crear y poner en marcha l\u00edneas de producci\u00f3n completas surge otra importante empresa: P.Technologies Srl. Esto ha llevado al desarrollo de [&hellip;]<\/p>\n","protected":false},"author":1,"featured_media":0,"parent":0,"menu_order":0,"comment_status":"closed","ping_status":"closed","template":"","meta":{"_et_pb_use_builder":"on","_et_pb_old_content":"","_et_gb_content_width":"","footnotes":""},"class_list":["post-51162","page","type-page","status-publish","hentry"],"_links":{"self":[{"href":"https:\/\/progegroup.com\/es\/wp-json\/wp\/v2\/pages\/51162","targetHints":{"allow":["GET"]}}],"collection":[{"href":"https:\/\/progegroup.com\/es\/wp-json\/wp\/v2\/pages"}],"about":[{"href":"https:\/\/progegroup.com\/es\/wp-json\/wp\/v2\/types\/page"}],"author":[{"embeddable":true,"href":"https:\/\/progegroup.com\/es\/wp-json\/wp\/v2\/users\/1"}],"replies":[{"embeddable":true,"href":"https:\/\/progegroup.com\/es\/wp-json\/wp\/v2\/comments?post=51162"}],"version-history":[{"count":1,"href":"https:\/\/progegroup.com\/es\/wp-json\/wp\/v2\/pages\/51162\/revisions"}],"predecessor-version":[{"id":53747,"href":"https:\/\/progegroup.com\/es\/wp-json\/wp\/v2\/pages\/51162\/revisions\/53747"}],"wp:attachment":[{"href":"https:\/\/progegroup.com\/es\/wp-json\/wp\/v2\/media?parent=51162"}],"curies":[{"name":"wp","href":"https:\/\/api.w.org\/{rel}","templated":true}]}}