{"id":51300,"date":"2021-11-30T10:17:52","date_gmt":"2021-11-30T10:17:52","guid":{"rendered":"https:\/\/progegroup.com\/privacy-policy\/"},"modified":"2021-11-30T10:17:55","modified_gmt":"2021-11-30T10:17:55","slug":"privacy-policy","status":"publish","type":"page","link":"https:\/\/progegroup.com\/es\/privacy-policy\/","title":{"rendered":"Privacy Policy"},"content":{"rendered":"<p>[et_pb_section fb_built=\u00bb1&#8243; _builder_version=\u00bb4.10.8&#8243; _module_preset=\u00bbdefault\u00bb use_background_color_gradient=\u00bbon\u00bb background_color_gradient_start=\u00bbrgba(0,0,0,0.59)\u00bb background_color_gradient_end=\u00bbrgba(0,0,0,0.75)\u00bb background_color_gradient_overlays_image=\u00bbon\u00bb background_image=\u00bbhttps:\/\/progegroup.com\/wp-content\/uploads\/2021\/09\/bkgnews.jpg\u00bb locked=\u00bboff\u00bb global_colors_info=\u00bb{}\u00bb][et_pb_row _builder_version=\u00bb4.10.8&#8243; _module_preset=\u00bbdefault\u00bb global_colors_info=\u00bb{}\u00bb][et_pb_column type=\u00bb4_4&#8243; _builder_version=\u00bb4.10.8&#8243; _module_preset=\u00bbdefault\u00bb global_colors_info=\u00bb{}\u00bb][et_pb_text _builder_version=\u00bb4.10.8&#8243; _module_preset=\u00bbdefault\u00bb header_font=\u00bb|700|||||||\u00bb header_text_color=\u00bb#FFFFFF\u00bb header_font_size=\u00bb46px\u00bb global_colors_info=\u00bb{}\u00bb]<\/p>\n<h1>PRIVACY POLICY<\/h1>\n<p>[\/et_pb_text][\/et_pb_column][\/et_pb_row][\/et_pb_section][et_pb_section fb_built=\u00bb1&#8243; admin_label=\u00bbsection\u00bb _builder_version=\u00bb3.22&#8243; custom_padding=\u00bb15px|||||\u00bb global_colors_info=\u00bb{}\u00bb][et_pb_row admin_label=\u00bbrow\u00bb _builder_version=\u00bb3.25&#8243; background_size=\u00bbinitial\u00bb background_position=\u00bbtop_left\u00bb background_repeat=\u00bbrepeat\u00bb global_colors_info=\u00bb{}\u00bb][et_pb_column type=\u00bb4_4&#8243; _builder_version=\u00bb3.25&#8243; custom_padding=\u00bb|||\u00bb global_colors_info=\u00bb{}\u00bb custom_padding__hover=\u00bb|||\u00bb][et_pb_text admin_label=\u00bbText\u00bb _builder_version=\u00bb4.10.8&#8243; background_size=\u00bbinitial\u00bb background_position=\u00bbtop_left\u00bb background_repeat=\u00bbrepeat\u00bb hover_enabled=\u00bb0&#8243; global_colors_info=\u00bb{}\u00bb sticky_enabled=\u00bb0&#8243;]En esta p\u00e1gina se describe c\u00f3mo gestionar este sitio web con referencia al tratamiento de los datos personales de los usuarios que lo consultan. El procesamiento de datos se lleva a cabo de acuerdo con los criterios establecidos en el reglamento europeo sobre protecci\u00f3n de datos personales, Reg. 2016\/679 \/ UE y cualquier otro texto legislativo nacional, disposici\u00f3n o autorizaci\u00f3n de la Autoridad competente relacionada con \u00e9l. Seg\u00fan la legislaci\u00f3n indicada, el tratamiento debe basarse en los principios de correcci\u00f3n, licitud y transparencia y protecci\u00f3n de su privacidad y sus derechos.<br \/>\nLa informaci\u00f3n se proporciona solo para este sitio y no para otros sitios web que pueden ser consultados por el usuario a trav\u00e9s de enlaces.<\/p>\n<h3>Titular<\/h3>\n<p>Despu\u00e9s de consultar este sitio, se pueden procesar los datos relacionados con personas identificadas o identificables. El titular de su tratamiento es Proge-Tec S.r.l. , en la persona de su representante legal pro tempore, con domicilio social en Italia.<\/p>\n<h3>Lugar de procesamiento de datos y comunicaciones<\/h3>\n<p>Los tratamientos conectados a los servicios web de este sitio tienen lugar en la mencionada sede de la Compa\u00f1\u00eda y son manejados por personal de la Compa\u00f1\u00eda y \/ o por operaciones externas de mantenimiento y actualizaci\u00f3n debidamente designadas. No se comunican ni difunden datos derivados del servicio web.<\/p>\n<p>Los datos personales proporcionados por los usuarios que env\u00edan solicitudes de servicios, actuaciones o informaci\u00f3n se utilizan \u00fanicamente para realizar el servicio o prestaci\u00f3n solicitada o para proporcionar la informaci\u00f3n solicitada y se divulgan a terceros debidamente designados solo si este es el caso. fin necesario.<\/p>\n<h3>Tipos de datos procesados<\/h3>\n<p><strong>Datos de navegaci\u00f3n<\/strong><br \/>\nLos sistemas inform\u00e1ticos y procedimientos de software utilizados para operar este sitio web adquieren, durante su normal funcionamiento, algunos datos personales cuya transmisi\u00f3n est\u00e1 impl\u00edcita en el uso de los protocolos de comunicaci\u00f3n de Internet.<br \/>\nSe trata de informaci\u00f3n que no se recopila para asociarla a las partes interesadas identificadas, pero que por su propia naturaleza podr\u00eda, mediante el procesamiento y la asociaci\u00f3n con datos en poder de terceros, permitir la identificaci\u00f3n de los usuarios.<br \/>\nEsta categor\u00eda de datos incluye las direcciones IP o los nombres de dominio de las computadoras utilizadas por los usuarios que se conectan al sitio, las direcciones en la notaci\u00f3n del Identificador uniforme de recursos (URI) de los recursos solicitados, la hora de la solicitud, el m\u00e9todo utilizado para enviar la solicitud al servidor, el tama\u00f1o del archivo obtenido en respuesta, el c\u00f3digo num\u00e9rico que indica el estado de la respuesta dada por el servidor (exitosa, error, etc.) y otros par\u00e1metros relacionados con el sistema operativo y el entorno inform\u00e1tico del usuario.<br \/>\nEstos datos se utilizan en este sitio con el \u00fanico fin de obtener informaci\u00f3n estad\u00edstica an\u00f3nima sobre el uso del sitio y comprobar su correcto funcionamiento. Los datos podr\u00edan utilizarse para determinar la responsabilidad en caso de hipot\u00e9ticos delitos inform\u00e1ticos contra el sitio. Para estos datos, y limitado a la finalidad antes mencionada, no es necesario solicitar consentimiento.<\/p>\n<p><strong>Datos facilitados voluntariamente por el usuario.<\/strong><br \/>\nEl env\u00edo opcional, expl\u00edcito y voluntario de correos electr\u00f3nicos a las direcciones indicadas en este sitio o la cumplimentaci\u00f3n del formulario de los apartados espec\u00edficos con los campos obligatorios y opcionales, conlleva la posterior adquisici\u00f3n de la informaci\u00f3n y la direcci\u00f3n del remitente, necesaria para dar respuesta a solicitudes de servicios y \/ o informaci\u00f3n. Para estos datos, y limitado a la finalidad antes mencionada, no es necesario solicitar consentimiento.<\/p>\n<h3>Facoltativit<span>\u00e0<\/span><span> <\/span>del conferimento dei dati<\/h3>\n<p>Aparte de lo especificado para los datos de navegaci\u00f3n, el usuario es libre de proporcionar datos personales para la solicitud de servicios y \/ o informaci\u00f3n. El no proporcionarlos puede imposibilitar la obtenci\u00f3n de lo solicitado.<\/p>\n<h3>Modalit<span>\u00e0<\/span><span> <\/span>di trattamento<\/h3>\n<p>Los datos personales son tratados por el titular y por responsables debidamente designados para el correcto cumplimiento de las finalidades indicadas por medios electr\u00f3nicos y archivos en papel, as\u00ed como con el uso de medidas de seguridad para garantizar la confidencialidad de los datos personales y evitar el acceso indebido a los sujetos. . no autorizado. El controlador de datos no utiliza procesos automatizados, incluida la elaboraci\u00f3n de perfiles, para lograr los fines establecidos en esta informaci\u00f3n.<\/p>\n<h3>Condiciones de procesamiento<\/h3>\n<p>El Responsable del tratamiento tratar\u00e1 los datos personales durante el tiempo necesario para cumplir con los fines antes mencionados y, en cualquier caso, no m\u00e1s de 2 a\u00f1os desde la adquisici\u00f3n de los datos para los fines del tratamiento.<\/p>\n<h3>Derechos de los interesados<\/h3>\n<p>De acuerdo con el art. 15-22 del RGPD, el interesado tiene derecho a solicitar al responsable del tratamiento que acceda a sus datos personales o que los corrija o cancele o limite su tratamiento, o tiene derecho a oponerse a su tratamiento, as\u00ed como el derecho a solicitar la portabilidad de los datos.<br \/>\nLa solicitud se puede realizar por correo electr\u00f3nico o fax o carta certificada con el asunto: \u00absolicitud por parte del interesado\u00bb especificando en la solicitud el derecho que el interesado quiere ejercer (cancelaci\u00f3n, rectificaci\u00f3n, portabilidad, olvido), junto con una direcci\u00f3n de correo electr\u00f3nico \/ direcci\u00f3n de correo electr\u00f3nico certificada a la que se enviar\u00e1 la respuesta.<br \/>\nEl responsable del tratamiento o cualquier persona designada por el mismo, proceder\u00e1 a atender la solicitud dentro de los 30 d\u00edas siguientes a la fecha de recepci\u00f3n. Si la respuesta es compleja, el tiempo podr\u00eda extenderse a 30 d\u00edas m\u00e1s, sujeto a comunicaci\u00f3n oportuna al interesado.<br \/>\nSi lo considera oportuno para hacer valer sus derechos, tiene derecho a presentar una denuncia ante la autoridad de control competente, correspondiente al Garante Nacional de Privacidad, con sede en Palazzo Monte Citorio 121, Roma.[\/et_pb_text][\/et_pb_column][\/et_pb_row][\/et_pb_section]<\/p>\n","protected":false},"excerpt":{"rendered":"<p>PRIVACY POLICYEn esta p\u00e1gina se describe c\u00f3mo gestionar este sitio web con referencia al tratamiento de los datos personales de los usuarios que lo consultan. El procesamiento de datos se lleva a cabo de acuerdo con los criterios establecidos en el reglamento europeo sobre protecci\u00f3n de datos personales, Reg. 2016\/679 \/ UE y cualquier otro texto legislativo nacional, disposici\u00f3n o autorizaci\u00f3n de la Autoridad competente relacionada con \u00e9l. Seg\u00fan la legislaci\u00f3n indicada, el tratamiento debe basarse en los principios de correcci\u00f3n, licitud y transparencia y protecci\u00f3n de su privacidad y sus derechos. La informaci\u00f3n se proporciona solo para este sitio y no para otros sitios web que pueden ser consultados por el usuario a trav\u00e9s de enlaces. Titular Despu\u00e9s de consultar este sitio, se pueden procesar los datos relacionados con personas identificadas o identificables. El titular de su tratamiento es Proge-Tec S.r.l. , en la persona de su representante legal pro tempore, con domicilio social en Italia. Lugar de procesamiento de datos y comunicaciones Los tratamientos conectados a los servicios web de este sitio tienen lugar en la mencionada sede de la Compa\u00f1\u00eda y son manejados por personal de la Compa\u00f1\u00eda y \/ o por operaciones externas de mantenimiento y [&hellip;]<\/p>\n","protected":false},"author":1,"featured_media":0,"parent":0,"menu_order":0,"comment_status":"closed","ping_status":"open","template":"","meta":{"_et_pb_use_builder":"on","_et_pb_old_content":"","_et_gb_content_width":"","footnotes":""},"class_list":["post-51300","page","type-page","status-publish","hentry"],"_links":{"self":[{"href":"https:\/\/progegroup.com\/es\/wp-json\/wp\/v2\/pages\/51300","targetHints":{"allow":["GET"]}}],"collection":[{"href":"https:\/\/progegroup.com\/es\/wp-json\/wp\/v2\/pages"}],"about":[{"href":"https:\/\/progegroup.com\/es\/wp-json\/wp\/v2\/types\/page"}],"author":[{"embeddable":true,"href":"https:\/\/progegroup.com\/es\/wp-json\/wp\/v2\/users\/1"}],"replies":[{"embeddable":true,"href":"https:\/\/progegroup.com\/es\/wp-json\/wp\/v2\/comments?post=51300"}],"version-history":[{"count":0,"href":"https:\/\/progegroup.com\/es\/wp-json\/wp\/v2\/pages\/51300\/revisions"}],"wp:attachment":[{"href":"https:\/\/progegroup.com\/es\/wp-json\/wp\/v2\/media?parent=51300"}],"curies":[{"name":"wp","href":"https:\/\/api.w.org\/{rel}","templated":true}]}}