{"id":50673,"date":"2021-11-20T11:08:00","date_gmt":"2021-11-20T11:08:00","guid":{"rendered":"https:\/\/progegroup.com\/automation\/"},"modified":"2024-02-15T08:39:20","modified_gmt":"2024-02-15T08:39:20","slug":"automation","status":"publish","type":"page","link":"https:\/\/progegroup.com\/fr\/automation\/","title":{"rendered":"Automation"},"content":{"rendered":"<p>[et_pb_section fb_built=\u00a0\u00bb1&Prime; fullwidth=\u00a0\u00bbon\u00a0\u00bb _builder_version=\u00a0\u00bb4.16&Prime; locked=\u00a0\u00bboff\u00a0\u00bb global_colors_info=\u00a0\u00bb{}\u00a0\u00bb][et_pb_fullwidth_slider arrows_custom_color=\u00a0\u00bb#ffffff\u00a0\u00bb dot_nav_custom_color=\u00a0\u00bb#ffffff\u00a0\u00bb _builder_version=\u00a0\u00bb4.24.0&Prime; header_font=\u00a0\u00bbPoppins|700||on|||||\u00a0\u00bb header_text_color=\u00a0\u00bb#ffffff\u00a0\u00bb header_font_size=\u00a0\u00bb40px\u00a0\u00bb header_line_height=\u00a0\u00bb1.5em\u00a0\u00bb body_font=\u00a0\u00bbRoboto|300|||||||\u00a0\u00bb body_text_color=\u00a0\u00bb#ffffff\u00a0\u00bb body_font_size=\u00a0\u00bb15px\u00a0\u00bb body_line_height=\u00a0\u00bb1.8em\u00a0\u00bb custom_button=\u00a0\u00bbon\u00a0\u00bb button_text_size=\u00a0\u00bb14px\u00a0\u00bb button_text_color=\u00a0\u00bb#000000&Prime; button_bg_color=\u00a0\u00bb#ffffff\u00a0\u00bb button_border_width=\u00a0\u00bb11px\u00a0\u00bb button_border_color=\u00a0\u00bb#ffffff\u00a0\u00bb button_border_radius=\u00a0\u00bb0px\u00a0\u00bb button_letter_spacing=\u00a0\u00bb1px\u00a0\u00bb button_font=\u00a0\u00bbPoppins|||on|||||\u00a0\u00bb button_use_icon=\u00a0\u00bboff\u00a0\u00bb button_custom_margin=\u00a0\u00bb34px||||false|false\u00a0\u00bb custom_padding=\u00a0\u00bb15.5%||15.5%||true|false\u00a0\u00bb header_font_size_tablet=\u00a0\u00bb\u00a0\u00bb header_font_size_phone=\u00a0\u00bb25px\u00a0\u00bb header_font_size_last_edited=\u00a0\u00bbon|desktop\u00a0\u00bb global_colors_info=\u00a0\u00bb{}\u00a0\u00bb button_text_color__hover=\u00a0\u00bb#474747&Prime; button_text_color__hover_enabled=\u00a0\u00bbon\u00a0\u00bb button_bg_color__hover=\u00a0\u00bb#bfbfbf\u00a0\u00bb button_bg_color__hover_enabled=\u00a0\u00bbon\u00a0\u00bb button_border_color__hover=\u00a0\u00bb#bfbfbf\u00a0\u00bb button_border_color__hover_enabled=\u00a0\u00bbon\u00a0\u00bb button_letter_spacing__hover=\u00a0\u00bb2px\u00a0\u00bb button_letter_spacing__hover_enabled=\u00a0\u00bbon\u00a0\u00bb][et_pb_slide heading=\u00a0\u00bbAUTOMATION\u00a0\u00bb _builder_version=\u00a0\u00bb4.24.0&Prime; header_level=\u00a0\u00bbh2&Prime; header_font=\u00a0\u00bbPT Serif|700||on|||||\u00a0\u00bb header_font_size=\u00a0\u00bb52px\u00a0\u00bb body_font=\u00a0\u00bbPT Serif|700||on|||||\u00a0\u00bb body_font_size=\u00a0\u00bb52px\u00a0\u00bb body_line_height=\u00a0\u00bb1.1em\u00a0\u00bb background_enable_color=\u00a0\u00bboff\u00a0\u00bb use_background_color_gradient=\u00a0\u00bbon\u00a0\u00bb background_color_gradient_stops=\u00a0\u00bbrgba(140,140,140,0.15) 0%|rgba(0,0,0,0.45) 100%\u00a0\u00bb background_color_gradient_overlays_image=\u00a0\u00bbon\u00a0\u00bb background_color_gradient_start=\u00a0\u00bbrgba(140,140,140,0.15)\u00a0\u00bb background_color_gradient_end=\u00a0\u00bbrgba(0,0,0,0.45)\u00a0\u00bb background_image=\u00a0\u00bbhttps:\/\/progegroup.com\/wp-content\/uploads\/2021\/09\/gallery-homOTIVE.jpg\u00a0\u00bb background_enable_image=\u00a0\u00bbon\u00a0\u00bb hover_enabled=\u00a0\u00bb0&Prime; header_font_size_tablet=\u00a0\u00bb45px\u00a0\u00bb header_font_size_phone=\u00a0\u00bb38px\u00a0\u00bb header_font_size_last_edited=\u00a0\u00bbon|tablet\u00a0\u00bb body_font_size_tablet=\u00a0\u00bb42px\u00a0\u00bb body_font_size_phone=\u00a0\u00bb36px\u00a0\u00bb body_font_size_last_edited=\u00a0\u00bbon|phone\u00a0\u00bb header_text_shadow_style=\u00a0\u00bbpreset4&Prime; global_colors_info=\u00a0\u00bb{}\u00a0\u00bb sticky_transition=\u00a0\u00bbon\u00a0\u00bb sticky_enabled=\u00a0\u00bb0&Prime;]<\/p>\n<p>CR\u00c9EZ VOTRE INDUSTRIE 5.0<\/p>\n<p>[\/et_pb_slide][\/et_pb_fullwidth_slider][\/et_pb_section][et_pb_section fb_built=\u00a0\u00bb1&Prime; _builder_version=\u00a0\u00bb4.16&Prime; _module_preset=\u00a0\u00bbdefault\u00a0\u00bb custom_padding=\u00a0\u00bb39px||10px|||\u00a0\u00bb global_colors_info=\u00a0\u00bb{}\u00a0\u00bb][et_pb_row _builder_version=\u00a0\u00bb4.16&Prime; _module_preset=\u00a0\u00bbdefault\u00a0\u00bb custom_padding=\u00a0\u00bb26px|||||\u00a0\u00bb global_colors_info=\u00a0\u00bb{}\u00a0\u00bb][et_pb_column type=\u00a0\u00bb4_4&Prime; _builder_version=\u00a0\u00bb4.16&Prime; _module_preset=\u00a0\u00bbdefault\u00a0\u00bb global_colors_info=\u00a0\u00bb{}\u00a0\u00bb][et_pb_text _builder_version=\u00a0\u00bb4.24.0&Prime; _module_preset=\u00a0\u00bbdefault\u00a0\u00bb hover_enabled=\u00a0\u00bb0&Prime; text_font_size_tablet=\u00a0\u00bb\u00a0\u00bb text_font_size_phone=\u00a0\u00bb15px\u00a0\u00bb text_font_size_last_edited=\u00a0\u00bbon|phone\u00a0\u00bb global_colors_info=\u00a0\u00bb{}\u00a0\u00bb sticky_enabled=\u00a0\u00bb0&Prime;]<\/p>\n<p>Gr\u00e2ce \u00e0 notre experts dans le domaine de l\u2019automatisation nous avons d\u00e9velopp\u00e9 int\u00e9grations software et hardware qui peuvent soutenir une \u00e9volution technologique dans les entreprises clientes et am\u00e9liorer le syst\u00e8me de production de l\u2019entreprise dans toutes ses phases.<\/p>\n<p>Gr\u00e2ce \u00e0 la pr\u00e9sence constante et \u00e0 la gestion de projets au niveau national et international, nous sommes aujourd\u2019hui en mesure d&rsquo;offrir des solutions de plus en plus performantes en nous concentrant sur l&rsquo;int\u00e9gration des ressources, la g\u00e9n\u00e9ration de valeur suppl\u00e9mentaire, la r\u00e9duction des inefficacit\u00e9s, l&rsquo;am\u00e9lioration des connaissances et la capacit\u00e9 de planifier et de r\u00e9agir pour am\u00e9liorer l&rsquo;efficacit\u00e9 de la production.<\/p>\n<p>Le terme \u00ab Industrie 4.0 \u00bb indique une tendance dans l&rsquo;automatisation industrielle qui int\u00e8gre les nouvelles technologies de production pour am\u00e9liorer les conditions de travail et augmenter la productivit\u00e9 et la qualit\u00e9 de la production des usines.<\/p>\n<p>Nous cr\u00e9ons des syst\u00e8mes enti\u00e8rement automatis\u00e9s utilisant technologies robotique, de reconnaissance d&rsquo;objets, de contr\u00f4le de la qualit\u00e9, des syst\u00e8mes et informatiques pour la transformation technologique et num\u00e9rique des processus de production dans les usines.<\/p>\n<p>Les diff\u00e9rentes applications sont con\u00e7ues et r\u00e9alis\u00e9es sur mesure en fonction des besoins et du type de ligne ou de machine dans les applications de production plus diverses.<\/p>\n<p>\u00c9volution de la version 4.0, l&rsquo;<strong>Industrie 5.0<\/strong> valorise la collaboration entre l&rsquo;homme et la machine, en favorisant l&rsquo;\u00e9conomie circulaire, la durabilit\u00e9 environnementale et la personnalisation des installations. <\/p>\n<p>Les investissements du Groupe sont orient\u00e9s vers le d\u00e9veloppement de l&rsquo;Industrie 5.0, offrant des opportunit\u00e9s significatives d&rsquo;innovation et de d\u00e9veloppement durable. <\/p>\n<p>Nous sommes FANUC SYSTEM INTEGRATOR tant de la robotique que des syst\u00e8mes de technologie CN.<\/p>\n<p>[\/et_pb_text][\/et_pb_column][\/et_pb_row][\/et_pb_section]<\/p>\n","protected":false},"excerpt":{"rendered":"<p>CR\u00c9EZ VOTRE INDUSTRIE 5.0Gr\u00e2ce \u00e0 notre experts dans le domaine de l\u2019automatisation nous avons d\u00e9velopp\u00e9 int\u00e9grations software et hardware qui peuvent soutenir une \u00e9volution technologique dans les entreprises clientes et am\u00e9liorer le syst\u00e8me de production de l\u2019entreprise dans toutes ses phases. Gr\u00e2ce \u00e0 la pr\u00e9sence constante et \u00e0 la gestion de projets au niveau national et international, nous sommes aujourd\u2019hui en mesure d&rsquo;offrir des solutions de plus en plus performantes en nous concentrant sur l&rsquo;int\u00e9gration des ressources, la g\u00e9n\u00e9ration de valeur suppl\u00e9mentaire, la r\u00e9duction des inefficacit\u00e9s, l&rsquo;am\u00e9lioration des connaissances et la capacit\u00e9 de planifier et de r\u00e9agir pour am\u00e9liorer l&rsquo;efficacit\u00e9 de la production. Le terme \u00ab Industrie 4.0 \u00bb indique une tendance dans l&rsquo;automatisation industrielle qui int\u00e8gre les nouvelles technologies de production pour am\u00e9liorer les conditions de travail et augmenter la productivit\u00e9 et la qualit\u00e9 de la production des usines. Nous cr\u00e9ons des syst\u00e8mes enti\u00e8rement automatis\u00e9s utilisant technologies robotique, de reconnaissance d&rsquo;objets, de contr\u00f4le de la qualit\u00e9, des syst\u00e8mes et informatiques pour la transformation technologique et num\u00e9rique des processus de production dans les usines. Les diff\u00e9rentes applications sont con\u00e7ues et r\u00e9alis\u00e9es sur mesure en fonction des besoins et du type de ligne ou de machine dans les applications de production [&hellip;]<\/p>\n","protected":false},"author":1,"featured_media":0,"parent":0,"menu_order":0,"comment_status":"closed","ping_status":"closed","template":"","meta":{"_et_pb_use_builder":"on","_et_pb_old_content":"","_et_gb_content_width":"","footnotes":""},"class_list":["post-50673","page","type-page","status-publish","hentry"],"_links":{"self":[{"href":"https:\/\/progegroup.com\/fr\/wp-json\/wp\/v2\/pages\/50673","targetHints":{"allow":["GET"]}}],"collection":[{"href":"https:\/\/progegroup.com\/fr\/wp-json\/wp\/v2\/pages"}],"about":[{"href":"https:\/\/progegroup.com\/fr\/wp-json\/wp\/v2\/types\/page"}],"author":[{"embeddable":true,"href":"https:\/\/progegroup.com\/fr\/wp-json\/wp\/v2\/users\/1"}],"replies":[{"embeddable":true,"href":"https:\/\/progegroup.com\/fr\/wp-json\/wp\/v2\/comments?post=50673"}],"version-history":[{"count":0,"href":"https:\/\/progegroup.com\/fr\/wp-json\/wp\/v2\/pages\/50673\/revisions"}],"wp:attachment":[{"href":"https:\/\/progegroup.com\/fr\/wp-json\/wp\/v2\/media?parent=50673"}],"curies":[{"name":"wp","href":"https:\/\/api.w.org\/{rel}","templated":true}]}}