{"id":50682,"date":"2021-11-20T11:16:04","date_gmt":"2021-11-20T11:16:04","guid":{"rendered":"https:\/\/progegroup.com\/a-propos-de-nous\/"},"modified":"2026-01-22T16:30:35","modified_gmt":"2026-01-22T16:30:35","slug":"a-propos-de-nous","status":"publish","type":"page","link":"https:\/\/progegroup.com\/fr\/a-propos-de-nous\/","title":{"rendered":"\u00c0 propos de nous"},"content":{"rendered":"<p>[et_pb_section fb_built=\u00a0\u00bb1&Prime; fullwidth=\u00a0\u00bbon\u00a0\u00bb _builder_version=\u00a0\u00bb4.16&Prime; locked=\u00a0\u00bboff\u00a0\u00bb global_colors_info=\u00a0\u00bb{}\u00a0\u00bb][et_pb_fullwidth_slider arrows_custom_color=\u00a0\u00bb#ffffff\u00a0\u00bb dot_nav_custom_color=\u00a0\u00bb#ffffff\u00a0\u00bb _builder_version=\u00a0\u00bb4.25.0&Prime; header_font=\u00a0\u00bbPoppins|700||on|||||\u00a0\u00bb header_text_color=\u00a0\u00bb#ffffff\u00a0\u00bb header_font_size=\u00a0\u00bb40px\u00a0\u00bb header_line_height=\u00a0\u00bb1.5em\u00a0\u00bb body_font=\u00a0\u00bbRoboto|300|||||||\u00a0\u00bb body_text_color=\u00a0\u00bb#ffffff\u00a0\u00bb body_font_size=\u00a0\u00bb15px\u00a0\u00bb body_line_height=\u00a0\u00bb1.8em\u00a0\u00bb custom_button=\u00a0\u00bbon\u00a0\u00bb button_text_size=\u00a0\u00bb14px\u00a0\u00bb button_text_color=\u00a0\u00bb#000000&Prime; button_bg_color=\u00a0\u00bb#ffffff\u00a0\u00bb button_border_width=\u00a0\u00bb11px\u00a0\u00bb button_border_color=\u00a0\u00bb#ffffff\u00a0\u00bb button_border_radius=\u00a0\u00bb0px\u00a0\u00bb button_letter_spacing=\u00a0\u00bb1px\u00a0\u00bb button_font=\u00a0\u00bbPoppins|||on|||||\u00a0\u00bb button_use_icon=\u00a0\u00bboff\u00a0\u00bb button_custom_margin=\u00a0\u00bb34px||||false|false\u00a0\u00bb custom_padding=\u00a0\u00bb15.5%||15.5%||true|false\u00a0\u00bb hover_enabled=\u00a0\u00bb0&Prime; header_font_size_tablet=\u00a0\u00bb\u00a0\u00bb header_font_size_phone=\u00a0\u00bb25px\u00a0\u00bb header_font_size_last_edited=\u00a0\u00bbon|desktop\u00a0\u00bb global_colors_info=\u00a0\u00bb{}\u00a0\u00bb button_text_color__hover=\u00a0\u00bb#474747&Prime; button_text_color__hover_enabled=\u00a0\u00bbon\u00a0\u00bb button_bg_color__hover=\u00a0\u00bb#bfbfbf\u00a0\u00bb button_bg_color__hover_enabled=\u00a0\u00bbon\u00a0\u00bb button_border_color__hover=\u00a0\u00bb#bfbfbf\u00a0\u00bb button_border_color__hover_enabled=\u00a0\u00bbon\u00a0\u00bb button_letter_spacing__hover=\u00a0\u00bb2px\u00a0\u00bb button_letter_spacing__hover_enabled=\u00a0\u00bbon\u00a0\u00bb sticky_enabled=\u00a0\u00bb0&Prime;][et_pb_slide heading=\u00a0\u00bb\u00c0 PROPOS DE NOUS\u00a0\u00bb _builder_version=\u00a0\u00bb4.25.0&Prime; header_level=\u00a0\u00bbh2&Prime; header_font=\u00a0\u00bbPT Serif|700||on|||||\u00a0\u00bb header_font_size=\u00a0\u00bb52px\u00a0\u00bb body_font=\u00a0\u00bbPT Serif|700||on|||||\u00a0\u00bb body_font_size=\u00a0\u00bb52px\u00a0\u00bb body_line_height=\u00a0\u00bb1.1em\u00a0\u00bb background_enable_color=\u00a0\u00bboff\u00a0\u00bb use_background_color_gradient=\u00a0\u00bbon\u00a0\u00bb background_color_gradient_stops=\u00a0\u00bbrgba(140,140,140,0.15) 0%|rgba(0,0,0,0.45) 100%\u00a0\u00bb background_color_gradient_overlays_image=\u00a0\u00bbon\u00a0\u00bb background_color_gradient_start=\u00a0\u00bbrgba(140,140,140,0.15)\u00a0\u00bb background_color_gradient_end=\u00a0\u00bbrgba(0,0,0,0.45)\u00a0\u00bb background_image=\u00a0\u00bbhttps:\/\/progegroup.com\/wp-content\/uploads\/2025\/12\/PROGEGROUP-scaled.jpg\u00a0\u00bb background_enable_image=\u00a0\u00bbon\u00a0\u00bb hover_enabled=\u00a0\u00bb0&Prime; header_font_size_tablet=\u00a0\u00bb45px\u00a0\u00bb header_font_size_phone=\u00a0\u00bb38px\u00a0\u00bb header_font_size_last_edited=\u00a0\u00bbon|tablet\u00a0\u00bb body_font_size_tablet=\u00a0\u00bb42px\u00a0\u00bb body_font_size_phone=\u00a0\u00bb36px\u00a0\u00bb body_font_size_last_edited=\u00a0\u00bbon|phone\u00a0\u00bb header_text_shadow_style=\u00a0\u00bbpreset4&Prime; global_colors_info=\u00a0\u00bb{}\u00a0\u00bb sticky_transition=\u00a0\u00bbon\u00a0\u00bb title_text=\u00a0\u00bbPROGEGROUP\u00a0\u00bb sticky_enabled=\u00a0\u00bb0&Prime;]<\/p>\n<p>PROGEGROUP &#8211; YOUR PARTNER FOR PRODUCTION<\/p>\n<p>[\/et_pb_slide][\/et_pb_fullwidth_slider][\/et_pb_section][et_pb_section fb_built=\u00a0\u00bb1&Prime; _builder_version=\u00a0\u00bb4.16&Prime; _module_preset=\u00a0\u00bbdefault\u00a0\u00bb custom_padding=\u00a0\u00bb39px||10px|||\u00a0\u00bb global_colors_info=\u00a0\u00bb{}\u00a0\u00bb][et_pb_row _builder_version=\u00a0\u00bb4.16&Prime; _module_preset=\u00a0\u00bbdefault\u00a0\u00bb custom_padding=\u00a0\u00bb26px|||||\u00a0\u00bb global_colors_info=\u00a0\u00bb{}\u00a0\u00bb][et_pb_column type=\u00a0\u00bb4_4&Prime; _builder_version=\u00a0\u00bb4.16&Prime; _module_preset=\u00a0\u00bbdefault\u00a0\u00bb global_colors_info=\u00a0\u00bb{}\u00a0\u00bb][et_pb_text _builder_version=\u00a0\u00bb4.24.0&Prime; _module_preset=\u00a0\u00bbdefault\u00a0\u00bb text_font_size_tablet=\u00a0\u00bb\u00a0\u00bb text_font_size_phone=\u00a0\u00bb15px\u00a0\u00bb text_font_size_last_edited=\u00a0\u00bbon|phone\u00a0\u00bb global_colors_info=\u00a0\u00bb{}\u00a0\u00bb]<\/p>\n<p align=\"JUSTIFY\"><span lang=\"it-IT\"><strong>PROGEGROUP<\/strong> regroupe deux entreprises diff\u00e9rentes dont le d\u00e9nominateur commun est l\u2019engagement dans la recherche continue de l\u2019innovation technologique dans le traitement des m\u00e9taux, notamment l\u2019aluminium, l\u2019acier et le cuivre.<\/span><\/p>\n<p align=\"JUSTIFY\"><span lang=\"it-IT\"><b>Proge-Tec Srl<\/b><\/span><span lang=\"it-IT\"> est l\u2019entreprise historique du groupe fond\u00e9e dans le 1999 y situ\u00e9e initialement en Ospiate di Bollate (MI). Toujours aim\u00e9e par son id\u00e9e de innovations, elle a \u00e9t\u00e9 l\u2019une des premi\u00e8res entreprises en Italie \u00e0 \u00eatre fond\u00e9e avec l\u2019\u20ac, alors que le syst\u00e8me n\u2019\u00e9tait pas encore pr\u00eat pour cette innovation. Suite \u00e0 une forte demande de la parte des clientes, l\u2019entreprise a con\u00e7u et commenc\u00e9 \u00e0 produire ses premi\u00e8res riveteuses automatique ce qui a permis d&rsquo;augmenter consid\u00e9rablement la capacit\u00e9 de production et la qualit\u00e9 des produits finis. Dans les ann\u00e9es qui ont suivi, nouvelles technologies ont \u00e9t\u00e9 d\u00e9velopp\u00e9es pour le vissage, l&#8217;emballage et le formage. Plusieurs brevets ont \u00e9t\u00e9 d\u00e9pos\u00e9s dans le domaines de le rivetage et en presque vingt ans d\u2019activit\u00e9 ont \u00e9t\u00e9 produites et exportes dans le monde centaines de machines et de lignes de la marque ont \u00e9t\u00e9 produites et export\u00e9es dans le monde entier. Aujourd&rsquo;hui, l&rsquo;entreprise est unanimement reconnue comme un leader mondial dans les technologies qu&rsquo;elle propose.<\/span><\/p>\n<p align=\"JUSTIFY\"><span lang=\"it-IT\">Dans la n\u00e9cessit\u00e9 du cr\u00e9er et r\u00e9aliser ligne de production enti\u00e8res vient une autre importante entreprise: <\/span><span lang=\"it-IT\"><b>P.Technologies Srl.<\/b><\/span><span lang=\"it-IT\"> C\u2019est ainsi que naissent machines de tournage, de meulage, de soudage et de traitement sp\u00e9cial con\u00e7ues sp\u00e9cifiquement pour les entreprises du secteur des articles du cookware. Gr\u00e2ce \u00e0 un groupe de concepteurs et experts en automatisation, l\u2019entreprise fond\u00e9e en 2003 commenc\u00e9 \u00e0 produire v\u00e9ritables lignes automatis\u00e9es.<\/span><\/p>\n<p align=\"JUSTIFY\"><span lang=\"it-IT\">\u00c0 c\u2019est jour il existe plusieurs des lignes dans le monde, chacune d\u2019entre elles \u00e9tant personnalis\u00e9 en fonction des besoins r\u00e9els de ses clients.<\/span><\/p>\n<p align=\"JUSTIFY\"><span lang=\"it-IT\">Vu la croissance continue du secteur et l\u2019augmentation de la production des machines, le groupe se d\u00e9place vers Melegnano (MI), un emplacement strat\u00e9gique pour les liaisons autorouti\u00e8res.<\/span><\/p>\n<p align=\"JUSTIFY\"><span lang=\"it-IT\">De pair avec les machines-outils, augmentait le d\u00e9sir d\u2019offrir un service complet aux clients et c\u2019est pourquoi en 2008 l\u2019entreprise P.Technologies d\u00e9cide d\u2019acqu\u00e9rir la marque<\/span> <span lang=\"it-IT\"><b>Novac Coating.<\/b><\/span><span lang=\"it-IT\"> et entrer dans le secteur de la peinture industrielle. L\u2019entreprise en presque dix ans de l\u2019acquisition de le marque a r\u00e9alis\u00e9 dizaines de lignes \u00e0 haut contenu technologique, con\u00e7u ad hoc selon les exigences de les clients y r\u00e9alis\u00e9e avec mat\u00e9riaux de haute qualit\u00e9. L\u2019entreprise enfin en 2010 acquiert le marque <\/span><span lang=\"it-IT\"><b>CMN<\/b><\/span><span lang=\"it-IT\">, autre grand entreprise de secteur de la peinture, qui confirme le leadership du groupe dans le secteur. <\/span><\/p>\n<p align=\"JUSTIFY\"><span lang=\"it-IT\">La derni\u00e8re acquisition en janvier 2022, cette fois dans le secteur des machines-outils, est l&rsquo;entrepris <strong>Samis Systems Srl<\/strong>. Elle ajoute \u00e0 la gamme de produits de PROGEGROUP des lignes d\u2019emboutissage de disques en acier et en aluminium, des moules et des syst\u00e8mes de palettisation.<\/span><span lang=\"it-IT\"><\/span><\/p>\n<p align=\"JUSTIFY\"><span lang=\"it-IT\">En 2023, le groupe d\u00e9m\u00e9nage \u00e0 Galgagnano (LO), dans une nouvelle usine d&rsquo;une superficie totale de 58.000 m\u00e8tres carr\u00e9s pour r\u00e9pondre aux nouvelles exigences de production. <\/span><span lang=\"it-IT\"><\/span><\/p>\n<p align=\"JUSTIFY\"><span lang=\"it-IT\">Apr\u00e8s le d\u00e9placement vers le nouveau site, les entreprises ont \u00e9t\u00e9 officiellement fusionn\u00e9es sous le m\u00eame nom: <strong>PROGEGROUP Srl<\/strong>. Le Groupe garantit et amplifie tous les services offerts par les entreprises et les marques qui l&rsquo;ont pr\u00e9c\u00e9d\u00e9. <\/span><\/p>\n<p align=\"JUSTIFY\"><span lang=\"it-IT\">Ces derni\u00e8res ann\u00e9es, l&rsquo;exp\u00e9rience acquise a conduit \u00e0 importants d\u00e9veloppements technologiques qui ont permis une transformation du march\u00e9 vers des produits li\u00e9s au design et \u00e0 l&rsquo;innovation.<\/span><\/p>\n<p align=\"JUSTIFY\"><span lang=\"it-IT\">PROGEGROUP soutient depuis toujours le Made in Italy et c\u2019est pour \u00e7a que le projet et le production des machines et des installations sont r\u00e9alis\u00e9es totalement en Italie.<\/span><\/p>\n<p>[\/et_pb_text][\/et_pb_column][\/et_pb_row][et_pb_row _builder_version=\u00a0\u00bb4.16&Prime; _module_preset=\u00a0\u00bbdefault\u00a0\u00bb global_colors_info=\u00a0\u00bb{}\u00a0\u00bb][et_pb_column type=\u00a0\u00bb4_4&Prime; _builder_version=\u00a0\u00bb4.16&Prime; _module_preset=\u00a0\u00bbdefault\u00a0\u00bb global_colors_info=\u00a0\u00bb{}\u00a0\u00bb][et_pb_text _builder_version=\u00a0\u00bb4.16&Prime; _module_preset=\u00a0\u00bbdefault\u00a0\u00bb header_3_font=\u00a0\u00bb|600|||||||\u00a0\u00bb header_3_text_color=\u00a0\u00bb#155eaa\u00a0\u00bb text_font_size_tablet=\u00a0\u00bb\u00a0\u00bb text_font_size_phone=\u00a0\u00bb15px\u00a0\u00bb text_font_size_last_edited=\u00a0\u00bbon|phone\u00a0\u00bb header_font_size_tablet=\u00a0\u00bb\u00a0\u00bb header_font_size_phone=\u00a0\u00bb25px\u00a0\u00bb header_font_size_last_edited=\u00a0\u00bbon|phone\u00a0\u00bb global_colors_info=\u00a0\u00bb{}\u00a0\u00bb]<\/p>\n<h3>Nos services<\/h3>\n<p>Une connaissance approfondie des questions techniques et de applications du secteur nous permet d\u2019offrir \u00e0 nos clients une assistance compl\u00e8te et personnalis\u00e9e.<br \/>En particulier :<br \/>&#8211; Assistance technique du processus et innovation technique-productive;<br \/>&#8211; \u00c9tudes de faisabilit\u00e9 et planification des installations, machines, parties m\u00e9caniques et \u00e9quipement sp\u00e9cifique ou d\u00e9di\u00e9 au produit;<br \/>&#8211; Automation des machines et installations pr\u00e9existantes;<br \/>&#8211; Conception m\u00e9canique, \u00e9lectrique, pneumatique et ol\u00e9ohydraulique;<br \/>&#8211; D\u00e9veloppement du logiciels industrielles de traitement et de supervision;<br \/>&#8211; After sales;<br \/>&#8211; Maintenance des installations.<\/p>\n<p>[\/et_pb_text][\/et_pb_column][\/et_pb_row][\/et_pb_section]<\/p>\n","protected":false},"excerpt":{"rendered":"<p>PROGEGROUP &#8211; YOUR PARTNER FOR PRODUCTIONPROGEGROUP regroupe deux entreprises diff\u00e9rentes dont le d\u00e9nominateur commun est l\u2019engagement dans la recherche continue de l\u2019innovation technologique dans le traitement des m\u00e9taux, notamment l\u2019aluminium, l\u2019acier et le cuivre. Proge-Tec Srl est l\u2019entreprise historique du groupe fond\u00e9e dans le 1999 y situ\u00e9e initialement en Ospiate di Bollate (MI). Toujours aim\u00e9e par son id\u00e9e de innovations, elle a \u00e9t\u00e9 l\u2019une des premi\u00e8res entreprises en Italie \u00e0 \u00eatre fond\u00e9e avec l\u2019\u20ac, alors que le syst\u00e8me n\u2019\u00e9tait pas encore pr\u00eat pour cette innovation. Suite \u00e0 une forte demande de la parte des clientes, l\u2019entreprise a con\u00e7u et commenc\u00e9 \u00e0 produire ses premi\u00e8res riveteuses automatique ce qui a permis d&rsquo;augmenter consid\u00e9rablement la capacit\u00e9 de production et la qualit\u00e9 des produits finis. Dans les ann\u00e9es qui ont suivi, nouvelles technologies ont \u00e9t\u00e9 d\u00e9velopp\u00e9es pour le vissage, l&#8217;emballage et le formage. Plusieurs brevets ont \u00e9t\u00e9 d\u00e9pos\u00e9s dans le domaines de le rivetage et en presque vingt ans d\u2019activit\u00e9 ont \u00e9t\u00e9 produites et exportes dans le monde centaines de machines et de lignes de la marque ont \u00e9t\u00e9 produites et export\u00e9es dans le monde entier. Aujourd&rsquo;hui, l&rsquo;entreprise est unanimement reconnue comme un leader mondial dans les technologies qu&rsquo;elle propose. Dans la n\u00e9cessit\u00e9 [&hellip;]<\/p>\n","protected":false},"author":1,"featured_media":0,"parent":0,"menu_order":0,"comment_status":"closed","ping_status":"closed","template":"","meta":{"_et_pb_use_builder":"on","_et_pb_old_content":"","_et_gb_content_width":"","footnotes":""},"class_list":["post-50682","page","type-page","status-publish","hentry"],"_links":{"self":[{"href":"https:\/\/progegroup.com\/fr\/wp-json\/wp\/v2\/pages\/50682","targetHints":{"allow":["GET"]}}],"collection":[{"href":"https:\/\/progegroup.com\/fr\/wp-json\/wp\/v2\/pages"}],"about":[{"href":"https:\/\/progegroup.com\/fr\/wp-json\/wp\/v2\/types\/page"}],"author":[{"embeddable":true,"href":"https:\/\/progegroup.com\/fr\/wp-json\/wp\/v2\/users\/1"}],"replies":[{"embeddable":true,"href":"https:\/\/progegroup.com\/fr\/wp-json\/wp\/v2\/comments?post=50682"}],"version-history":[{"count":1,"href":"https:\/\/progegroup.com\/fr\/wp-json\/wp\/v2\/pages\/50682\/revisions"}],"predecessor-version":[{"id":53746,"href":"https:\/\/progegroup.com\/fr\/wp-json\/wp\/v2\/pages\/50682\/revisions\/53746"}],"wp:attachment":[{"href":"https:\/\/progegroup.com\/fr\/wp-json\/wp\/v2\/media?parent=50682"}],"curies":[{"name":"wp","href":"https:\/\/api.w.org\/{rel}","templated":true}]}}