{"id":50685,"date":"2021-11-20T11:18:03","date_gmt":"2021-11-20T11:18:03","guid":{"rendered":"https:\/\/progegroup.com\/contacts\/"},"modified":"2023-12-11T10:01:29","modified_gmt":"2023-12-11T10:01:29","slug":"contacts","status":"publish","type":"page","link":"https:\/\/progegroup.com\/fr\/contacts\/","title":{"rendered":"Contacts"},"content":{"rendered":"<p>[et_pb_section fb_built=\u00a0\u00bb1&Prime; fullwidth=\u00a0\u00bbon\u00a0\u00bb _builder_version=\u00a0\u00bb4.16&Prime; locked=\u00a0\u00bboff\u00a0\u00bb global_colors_info=\u00a0\u00bb{}\u00a0\u00bb][et_pb_fullwidth_slider arrows_custom_color=\u00a0\u00bb#ffffff\u00a0\u00bb dot_nav_custom_color=\u00a0\u00bb#ffffff\u00a0\u00bb _builder_version=\u00a0\u00bb4.16&Prime; header_font=\u00a0\u00bbPoppins|700||on|||||\u00a0\u00bb header_text_color=\u00a0\u00bb#ffffff\u00a0\u00bb header_font_size=\u00a0\u00bb40px\u00a0\u00bb header_line_height=\u00a0\u00bb1.5em\u00a0\u00bb body_font=\u00a0\u00bbRoboto|300|||||||\u00a0\u00bb body_text_color=\u00a0\u00bb#ffffff\u00a0\u00bb body_font_size=\u00a0\u00bb15px\u00a0\u00bb body_line_height=\u00a0\u00bb1.8em\u00a0\u00bb custom_button=\u00a0\u00bbon\u00a0\u00bb button_text_size=\u00a0\u00bb14px\u00a0\u00bb button_text_color=\u00a0\u00bb#000000&Prime; button_bg_color=\u00a0\u00bb#ffffff\u00a0\u00bb button_border_width=\u00a0\u00bb11px\u00a0\u00bb button_border_color=\u00a0\u00bb#ffffff\u00a0\u00bb button_border_radius=\u00a0\u00bb0px\u00a0\u00bb button_letter_spacing=\u00a0\u00bb1px\u00a0\u00bb button_font=\u00a0\u00bbPoppins|||on|||||\u00a0\u00bb button_use_icon=\u00a0\u00bboff\u00a0\u00bb button_custom_margin=\u00a0\u00bb34px||||false|false\u00a0\u00bb content_max_width=\u00a0\u00bb800px\u00a0\u00bb custom_padding=\u00a0\u00bb28%||28%||true|false\u00a0\u00bb header_font_size_tablet=\u00a0\u00bb\u00a0\u00bb header_font_size_phone=\u00a0\u00bb25px\u00a0\u00bb header_font_size_last_edited=\u00a0\u00bbon|desktop\u00a0\u00bb global_colors_info=\u00a0\u00bb{}\u00a0\u00bb button_text_color__hover=\u00a0\u00bb#474747&Prime; button_text_color__hover_enabled=\u00a0\u00bbon\u00a0\u00bb button_bg_color__hover=\u00a0\u00bb#bfbfbf\u00a0\u00bb button_bg_color__hover_enabled=\u00a0\u00bbon\u00a0\u00bb button_border_color__hover=\u00a0\u00bb#bfbfbf\u00a0\u00bb button_border_color__hover_enabled=\u00a0\u00bbon\u00a0\u00bb button_letter_spacing__hover=\u00a0\u00bb2px\u00a0\u00bb button_letter_spacing__hover_enabled=\u00a0\u00bbon\u00a0\u00bb][et_pb_slide heading=\u00a0\u00bbCONTACTS\u00a0\u00bb _builder_version=\u00a0\u00bb4.16&Prime; header_font=\u00a0\u00bbPT Serif|700||on|||||\u00a0\u00bb header_font_size=\u00a0\u00bb52px\u00a0\u00bb background_enable_color=\u00a0\u00bboff\u00a0\u00bb background_image=\u00a0\u00bbhttps:\/\/progegroup.com\/wp-content\/uploads\/2021\/09\/gallery-home-2-CONTATTACI-1.jpg\u00a0\u00bb background_enable_image=\u00a0\u00bbon\u00a0\u00bb header_font_size_tablet=\u00a0\u00bb45px\u00a0\u00bb header_font_size_phone=\u00a0\u00bb38px\u00a0\u00bb header_font_size_last_edited=\u00a0\u00bbon|tablet\u00a0\u00bb global_colors_info=\u00a0\u00bb{}\u00a0\u00bb sticky_transition=\u00a0\u00bbon\u00a0\u00bb][\/et_pb_slide][\/et_pb_fullwidth_slider][\/et_pb_section][et_pb_section fb_built=\u00a0\u00bb1&Prime; _builder_version=\u00a0\u00bb4.16&Prime; _module_preset=\u00a0\u00bbdefault\u00a0\u00bb custom_padding=\u00a0\u00bb39px||10px|||\u00a0\u00bb global_colors_info=\u00a0\u00bb{}\u00a0\u00bb][et_pb_row column_structure=\u00a0\u00bb1_2,1_2&Prime; _builder_version=\u00a0\u00bb4.16&Prime; _module_preset=\u00a0\u00bbdefault\u00a0\u00bb custom_padding=\u00a0\u00bb26px|||||\u00a0\u00bb global_colors_info=\u00a0\u00bb{}\u00a0\u00bb][et_pb_column type=\u00a0\u00bb1_2&Prime; _builder_version=\u00a0\u00bb4.16&Prime; _module_preset=\u00a0\u00bbdefault\u00a0\u00bb global_colors_info=\u00a0\u00bb{}\u00a0\u00bb][et_pb_text disabled_on=\u00a0\u00bboff|off|off\u00a0\u00bb _builder_version=\u00a0\u00bb4.21.0&Prime; _module_preset=\u00a0\u00bbdefault\u00a0\u00bb text_font=\u00a0\u00bb||||||||\u00a0\u00bb custom_margin=\u00a0\u00bb||1px|||\u00a0\u00bb hover_enabled=\u00a0\u00bb0&Prime; locked=\u00a0\u00bboff\u00a0\u00bb global_colors_info=\u00a0\u00bb{}\u00a0\u00bb sticky_enabled=\u00a0\u00bb0&Prime;]<b>PROGEGROUP Srl<\/b><br \/>\n<em>P.IVA: 04036470963 &#8211; REA: LO-2711544<\/em><\/p>\n<p><span class=\"et-pb-icon\" style=\"font-size: 16px; color: #094d9b;\">\ue081<\/span> Strada per Quartiano 24-26 &#8211; 26832 Galgagnano (LO) &#8211; Italy<br \/>\n<span class=\"et-pb-icon\" style=\"font-size: 16px; color: #094d9b;\">\ue090<\/span> <a href=\"tel:+3903711685823\" target=\"_blank\" rel=\"noopener\">+39 0371 1685823<\/a><br \/>\n<span class=\"et-pb-icon\" style=\"font-size: 16px; color: #094d9b;\">\ue076<\/span> <a href=\"mailto:info@progegroup.com\" target=\"_blank\" rel=\"noopener\">info@progegroup.com<\/a>[\/et_pb_text][\/et_pb_column][et_pb_column type=\u00a0\u00bb1_2&Prime; _builder_version=\u00a0\u00bb4.16&Prime; _module_preset=\u00a0\u00bbdefault\u00a0\u00bb global_colors_info=\u00a0\u00bb{}\u00a0\u00bb][et_pb_code _builder_version=\u00a0\u00bb4.18.1&Prime; _module_preset=\u00a0\u00bbdefault\u00a0\u00bb global_colors_info=\u00a0\u00bb{}\u00a0\u00bb]<iframe src=\"https:\/\/www.google.com\/maps\/embed?pb=!1m18!1m12!1m3!1d5607.074836769528!2d9.426145649098768!3d45.35814932316826!2m3!1f0!2f0!3f0!3m2!1i1024!2i768!4f13.1!3m3!1m2!1s0x4786d1e98ca19383%3A0x8f4091f340868107!2sProge-Tec%20S.r.l.!5e0!3m2!1sit!2sit!4v1683273287154!5m2!1sit!2sit\" width=\"100%\" height=\"300\" style=\"border:0;\" allowfullscreen=\"\" loading=\"lazy\" referrerpolicy=\"no-referrer-when-downgrade\"><\/iframe>[\/et_pb_code][\/et_pb_column][\/et_pb_row][et_pb_row _builder_version=\u00a0\u00bb4.16&Prime; _module_preset=\u00a0\u00bbdefault\u00a0\u00bb global_colors_info=\u00a0\u00bb{}\u00a0\u00bb][et_pb_column type=\u00a0\u00bb4_4&Prime; _builder_version=\u00a0\u00bb4.16&Prime; _module_preset=\u00a0\u00bbdefault\u00a0\u00bb global_colors_info=\u00a0\u00bb{}\u00a0\u00bb][et_pb_text _builder_version=\u00a0\u00bb4.16&Prime; _module_preset=\u00a0\u00bbdefault\u00a0\u00bb header_3_font=\u00a0\u00bb|700|||||||\u00a0\u00bb header_3_text_color=\u00a0\u00bb#155eaa\u00a0\u00bb global_colors_info=\u00a0\u00bb{}\u00a0\u00bb]<\/p>\n<h3>\u00c9CRIVEZ-NOUS<\/h3>\n<p>[\/et_pb_text][et_pb_code _builder_version=\u00a0\u00bb4.16&Prime; _module_preset=\u00a0\u00bbdefault\u00a0\u00bb global_colors_info=\u00a0\u00bb{}\u00a0\u00bb]<div class=\"frm_forms  with_frm_style frm_style_stile-di-formidable\" id=\"frm_form_7_container\" >\n<form enctype=\"multipart\/form-data\" method=\"post\" class=\"frm-show-form \" id=\"form_contatti978cdad5cf\" >\n<div class=\"frm_form_fields \">\n<fieldset>\n<legend class=\"frm_screen_reader\">Contatti<\/legend>\r\n\r\n<div class=\"frm_fields_container\">\n<input type=\"hidden\" name=\"frm_action\" value=\"create\" \/>\n<input type=\"hidden\" name=\"form_id\" value=\"7\" \/>\n<input type=\"hidden\" name=\"frm_hide_fields_7\" id=\"frm_hide_fields_7\" value=\"\" \/>\n<input type=\"hidden\" name=\"form_key\" value=\"contatti978cdad5cf\" \/>\n<input type=\"hidden\" name=\"item_meta[0]\" value=\"\" \/>\n<input type=\"hidden\" id=\"frm_submit_entry_7\" name=\"frm_submit_entry_7\" value=\"2e6ab95653\" \/><input type=\"hidden\" name=\"_wp_http_referer\" value=\"\/fr\/wp-json\/wp\/v2\/pages\/50685\" \/><div id=\"frm_field_39_container\" class=\"frm_form_field form-field  frm_required_field frm_top_container frm6 frm_first\">\r\n    <label for=\"field_qj8hu1bc7734431\" id=\"field_qj8hu1bc7734431_label\" class=\"frm_primary_label\"> NOM ET PR\u00c9NOM\r\n        <span class=\"frm_required\" aria-hidden=\"true\">*<\/span>\r\n    <\/label>\r\n    <input type=\"text\" id=\"field_qj8hu1bc7734431\" name=\"item_meta[39]\" value=\"\"  data-reqmsg=\"Inserisci Nome e Cognome\" aria-required=\"true\" data-invmsg=\"Text is invalid\" aria-invalid=\"false\"  \/>\r\n    \r\n    \r\n<\/div>\n<div id=\"frm_field_40_container\" class=\"frm_form_field form-field  frm_required_field frm_top_container frm6\">\r\n    <label for=\"field_2sh5s62eefa0a65\" id=\"field_2sh5s62eefa0a65_label\" class=\"frm_primary_label\">EMAIL\r\n        <span class=\"frm_required\" aria-hidden=\"true\">*<\/span>\r\n    <\/label>\r\n    <input type=\"text\" id=\"field_2sh5s62eefa0a65\" name=\"item_meta[40]\" value=\"\"  data-reqmsg=\"L&#039;indirizzo mail \u00e8 obbligatorio\" aria-required=\"true\" data-invmsg=\"Text is invalid\" aria-invalid=\"false\"  \/>\r\n    \r\n    \r\n<\/div>\n<div id=\"frm_field_41_container\" class=\"frm_form_field form-field  frm_required_field frm_top_container frm12 frm_first\">\r\n    <label for=\"field_6v3nsb47b07416c\" id=\"field_6v3nsb47b07416c_label\" class=\"frm_primary_label\">OBJET\r\n        <span class=\"frm_required\" aria-hidden=\"true\">*<\/span>\r\n    <\/label>\r\n    <input type=\"text\" id=\"field_6v3nsb47b07416c\" name=\"item_meta[41]\" value=\"\"  data-reqmsg=\"Questo campo non pu\u00f2 essere vuoto.\" aria-required=\"true\" data-invmsg=\"Text is invalid\" aria-invalid=\"false\"  \/>\r\n    \r\n    \r\n<\/div>\n<div id=\"frm_field_42_container\" class=\"frm_form_field form-field  frm_required_field frm_top_container frm12 frm_first\">\r\n    <label for=\"field_wgjyhd10e5987ca\" id=\"field_wgjyhd10e5987ca_label\" class=\"frm_primary_label\">MESSAGGE\r\n        <span class=\"frm_required\" aria-hidden=\"true\">*<\/span>\r\n    <\/label>\r\n    <textarea name=\"item_meta[42]\" id=\"field_wgjyhd10e5987ca\" rows=\"5\"  data-reqmsg=\"Questo campo non pu\u00f2 essere vuoto.\" aria-required=\"true\" data-invmsg=\"MESSAGGE est non valide\" aria-invalid=\"false\"  ><\/textarea>\r\n    \r\n    \r\n<\/div>\n<div id=\"frm_field_43_container\" class=\"frm_form_field form-field  frm_required_field frm_top_container vertical_radio\">\r\n    <div  id=\"field_ejc4wc48173583f_label\" class=\"frm_primary_label\">Privacy Policy\r\n        <span class=\"frm_required\" aria-hidden=\"true\">*<\/span>\r\n    <\/div>\r\n    <div class=\"frm_opt_container\" aria-labelledby=\"field_ejc4wc48173583f_label\" role=\"group\">\t\t<div class=\"frm_checkbox\" id=\"frm_checkbox_43-0\">\t\t\t<label  for=\"field_ejc4wc48173583f-0\">\n\t\t\t<input type=\"checkbox\" name=\"item_meta[43][]\" id=\"field_ejc4wc48173583f-0\" value=\"Je consens au traitement des donn\u00e9es aux fins indiqu\u00e9es ci-dessus\"  data-reqmsg=\"Acconsenti al trattamento dati prima dell&#039;invio\" data-invmsg=\"Privacy Policy est non valide\"   aria-required=\"true\"  \/> Je consens au traitement des donn\u00e9es aux fins indiqu\u00e9es ci-dessus<\/label><\/div>\n<\/div>\r\n    <div class=\"frm_description\" id=\"frm_desc_field_ejc4wc48173583f\">Le remplissage du formulaire, qui s'entend comme volontaire, implique l'acquisition des donn\u00e9es personnelles de l'utilisateur. Seuls les champs indiqu\u00e9s comme obligatoires sont n\u00e9cessaires \u00e0 la fourniture de la prestation attendue : le d\u00e9faut de fournir ces donn\u00e9es rend impossible l'ex\u00e9cution de la prestation. Vous d\u00e9clarez avoir lu et accept\u00e9 les conditions relatives au traitement des donn\u00e9es contenues dans les informations r\u00e9dig\u00e9es conform\u00e9ment \u00e0 l'art. 13 du GDPR 679\/2016 ((<a href=\"https:\/\/progegroup.com\/fr\/privacy-policy\/\" target=\"_blank\"> Divulgation de la politique de confidentialit\u00e9 <\/a>).<\/div>\r\n    \r\n<\/div>\n<div id=\"frm_field_44_container\" class=\"frm_form_field form-field  frm_none_container\">\r\n    <label for=\"g-recaptcha-response\" id=\"field_bwgih361e144aa7_label\" class=\"frm_primary_label\">reCAPTCHA\r\n        <span class=\"frm_required\" aria-hidden=\"true\"><\/span>\r\n    <\/label>\r\n    <div  id=\"field_bwgih361e144aa7\" class=\"frm-g-recaptcha\" data-sitekey=\"6LcJWRQdAAAAAJZhG6UGn15SJTx-xO__OowtKUqv\" data-size=\"normal\" data-theme=\"light\"><\/div>\r\n    \r\n    \r\n<\/div>\n\t<input type=\"hidden\" name=\"item_key\" value=\"\" \/>\n\t\t\t<div id=\"frm_field_51_container\">\n\t\t\t<label for=\"field_4045u\" >\n\t\t\t\tSi vous \u00eates un humain, ne remplissez pas ce champ.\t\t\t<\/label>\n\t\t\t<input  id=\"field_4045u\" type=\"text\" class=\"frm_form_field form-field frm_verify\" name=\"item_meta[51]\" value=\"\"  \/>\n\t\t<\/div>\n\t\t<input name=\"frm_state\" type=\"hidden\" value=\"HBwT\/NxbJ6ga7I6ly22JcMd522KAtQWEsAFpaQsvU4Y=\" \/><div class=\"frm_submit\">\r\n\r\n<button class=\"frm_button_submit\" type=\"submit\"  > SOUMETTRE<\/button>\r\n\r\n<\/div><\/div>\n<\/fieldset>\n<\/div>\n\n<\/form>\n<\/div>\n[\/et_pb_code][\/et_pb_column][\/et_pb_row][\/et_pb_section]<\/p>\n","protected":false},"excerpt":{"rendered":"<p>PROGEGROUP Srl P.IVA: 04036470963 &#8211; REA: LO-2711544 \ue081 Strada per Quartiano 24-26 &#8211; 26832 Galgagnano (LO) &#8211; Italy \ue090 +39 0371 1685823 \ue076 info@progegroup.com\u00c9CRIVEZ-NOUS<div class=\"frm_forms  with_frm_style frm_style_stile-di-formidable\" id=\"frm_form_7_container\" >\n<form enctype=\"multipart\/form-data\" method=\"post\" class=\"frm-show-form \" id=\"form_contatti978cdad5cf\" >\n<div class=\"frm_form_fields \">\n<fieldset>\n<legend class=\"frm_screen_reader\">Contatti<\/legend>\r\n\r\n<div class=\"frm_fields_container\">\n<input type=\"hidden\" name=\"frm_action\" value=\"create\" \/>\n<input type=\"hidden\" name=\"form_id\" value=\"7\" \/>\n<input type=\"hidden\" name=\"frm_hide_fields_7\" id=\"frm_hide_fields_7\" value=\"\" \/>\n<input type=\"hidden\" name=\"form_key\" value=\"contatti978cdad5cf\" \/>\n<input type=\"hidden\" name=\"item_meta[0]\" value=\"\" \/>\n<input type=\"hidden\" id=\"frm_submit_entry_7\" name=\"frm_submit_entry_7\" value=\"2e6ab95653\" \/><input type=\"hidden\" name=\"_wp_http_referer\" value=\"\/fr\/wp-json\/wp\/v2\/pages\/50685\" \/><div id=\"frm_field_39_container\" class=\"frm_form_field form-field  frm_required_field frm_top_container frm6 frm_first\">\r\n    <label for=\"field_qj8hu1bc7734431\" id=\"field_qj8hu1bc7734431_label\" class=\"frm_primary_label\"> NOM ET PR\u00c9NOM\r\n        <span class=\"frm_required\" aria-hidden=\"true\">*<\/span>\r\n    <\/label>\r\n    <input type=\"text\" id=\"field_qj8hu1bc7734431\" name=\"item_meta[39]\" value=\"\"  data-reqmsg=\"Inserisci Nome e Cognome\" aria-required=\"true\" data-invmsg=\"Text is invalid\" aria-invalid=\"false\"  \/>\r\n    \r\n    \r\n<\/div>\n<div id=\"frm_field_40_container\" class=\"frm_form_field form-field  frm_required_field frm_top_container frm6\">\r\n    <label for=\"field_2sh5s62eefa0a65\" id=\"field_2sh5s62eefa0a65_label\" class=\"frm_primary_label\">EMAIL\r\n        <span class=\"frm_required\" aria-hidden=\"true\">*<\/span>\r\n    <\/label>\r\n    <input type=\"text\" id=\"field_2sh5s62eefa0a65\" name=\"item_meta[40]\" value=\"\"  data-reqmsg=\"L&#039;indirizzo mail \u00e8 obbligatorio\" aria-required=\"true\" data-invmsg=\"Text is invalid\" aria-invalid=\"false\"  \/>\r\n    \r\n    \r\n<\/div>\n<div id=\"frm_field_41_container\" class=\"frm_form_field form-field  frm_required_field frm_top_container frm12 frm_first\">\r\n    <label for=\"field_6v3nsb47b07416c\" id=\"field_6v3nsb47b07416c_label\" class=\"frm_primary_label\">OBJET\r\n        <span class=\"frm_required\" aria-hidden=\"true\">*<\/span>\r\n    <\/label>\r\n    <input type=\"text\" id=\"field_6v3nsb47b07416c\" name=\"item_meta[41]\" value=\"\"  data-reqmsg=\"Questo campo non pu\u00f2 essere vuoto.\" aria-required=\"true\" data-invmsg=\"Text is invalid\" aria-invalid=\"false\"  \/>\r\n    \r\n    \r\n<\/div>\n<div id=\"frm_field_42_container\" class=\"frm_form_field form-field  frm_required_field frm_top_container frm12 frm_first\">\r\n    <label for=\"field_wgjyhd10e5987ca\" id=\"field_wgjyhd10e5987ca_label\" class=\"frm_primary_label\">MESSAGGE\r\n        <span class=\"frm_required\" aria-hidden=\"true\">*<\/span>\r\n    <\/label>\r\n    <textarea name=\"item_meta[42]\" id=\"field_wgjyhd10e5987ca\" rows=\"5\"  data-reqmsg=\"Questo campo non pu\u00f2 essere vuoto.\" aria-required=\"true\" data-invmsg=\"MESSAGGE est non valide\" aria-invalid=\"false\"  ><\/textarea>\r\n    \r\n    \r\n<\/div>\n<div id=\"frm_field_43_container\" class=\"frm_form_field form-field  frm_required_field frm_top_container vertical_radio\">\r\n    <div  id=\"field_ejc4wc48173583f_label\" class=\"frm_primary_label\">Privacy Policy\r\n        <span class=\"frm_required\" aria-hidden=\"true\">*<\/span>\r\n    <\/div>\r\n    <div class=\"frm_opt_container\" aria-labelledby=\"field_ejc4wc48173583f_label\" role=\"group\">\t\t<div class=\"frm_checkbox\" id=\"frm_checkbox_43-0\">\t\t\t<label  for=\"field_ejc4wc48173583f-0\">\n\t\t\t<input type=\"checkbox\" name=\"item_meta[43][]\" id=\"field_ejc4wc48173583f-0\" value=\"Je consens au traitement des donn\u00e9es aux fins indiqu\u00e9es ci-dessus\"  data-reqmsg=\"Acconsenti al trattamento dati prima dell&#039;invio\" data-invmsg=\"Privacy Policy est non valide\"   aria-required=\"true\"  \/> Je consens au traitement des donn\u00e9es aux fins indiqu\u00e9es ci-dessus<\/label><\/div>\n<\/div>\r\n    <div class=\"frm_description\" id=\"frm_desc_field_ejc4wc48173583f\">Le remplissage du formulaire, qui s'entend comme volontaire, implique l'acquisition des donn\u00e9es personnelles de l'utilisateur. Seuls les champs indiqu\u00e9s comme obligatoires sont n\u00e9cessaires \u00e0 la fourniture de la prestation attendue : le d\u00e9faut de fournir ces donn\u00e9es rend impossible l'ex\u00e9cution de la prestation. Vous d\u00e9clarez avoir lu et accept\u00e9 les conditions relatives au traitement des donn\u00e9es contenues dans les informations r\u00e9dig\u00e9es conform\u00e9ment \u00e0 l'art. 13 du GDPR 679\/2016 ((<a href=\"https:\/\/progegroup.com\/fr\/privacy-policy\/\" target=\"_blank\"> Divulgation de la politique de confidentialit\u00e9 <\/a>).<\/div>\r\n    \r\n<\/div>\n<div id=\"frm_field_44_container\" class=\"frm_form_field form-field  frm_none_container\">\r\n    <label for=\"g-recaptcha-response\" id=\"field_bwgih361e144aa7_label\" class=\"frm_primary_label\">reCAPTCHA\r\n        <span class=\"frm_required\" aria-hidden=\"true\"><\/span>\r\n    <\/label>\r\n    <div  id=\"field_bwgih361e144aa7\" class=\"frm-g-recaptcha\" data-sitekey=\"6LcJWRQdAAAAAJZhG6UGn15SJTx-xO__OowtKUqv\" data-size=\"normal\" data-theme=\"light\"><\/div>\r\n    \r\n    \r\n<\/div>\n\t<input type=\"hidden\" name=\"item_key\" value=\"\" \/>\n\t\t\t<div id=\"frm_field_52_container\">\n\t\t\t<label for=\"field_s1v55\" >\n\t\t\t\tSi vous \u00eates un humain, ne remplissez pas ce champ.\t\t\t<\/label>\n\t\t\t<input  id=\"field_s1v55\" type=\"text\" class=\"frm_form_field form-field frm_verify\" name=\"item_meta[52]\" value=\"\"  \/>\n\t\t<\/div>\n\t\t<input name=\"frm_state\" type=\"hidden\" value=\"HBwT\/NxbJ6ga7I6ly22JcFnSyg6A3zIaGFUWLlNtoCA=\" \/><div class=\"frm_submit\">\r\n\r\n<button class=\"frm_button_submit\" type=\"submit\"  > SOUMETTRE<\/button>\r\n\r\n<\/div><\/div>\n<\/fieldset>\n<\/div>\n\n<\/form>\n<\/div>\n<\/p>\n","protected":false},"author":1,"featured_media":0,"parent":0,"menu_order":0,"comment_status":"closed","ping_status":"closed","template":"","meta":{"_et_pb_use_builder":"on","_et_pb_old_content":"","_et_gb_content_width":"","footnotes":""},"class_list":["post-50685","page","type-page","status-publish","hentry"],"_links":{"self":[{"href":"https:\/\/progegroup.com\/fr\/wp-json\/wp\/v2\/pages\/50685","targetHints":{"allow":["GET"]}}],"collection":[{"href":"https:\/\/progegroup.com\/fr\/wp-json\/wp\/v2\/pages"}],"about":[{"href":"https:\/\/progegroup.com\/fr\/wp-json\/wp\/v2\/types\/page"}],"author":[{"embeddable":true,"href":"https:\/\/progegroup.com\/fr\/wp-json\/wp\/v2\/users\/1"}],"replies":[{"embeddable":true,"href":"https:\/\/progegroup.com\/fr\/wp-json\/wp\/v2\/comments?post=50685"}],"version-history":[{"count":0,"href":"https:\/\/progegroup.com\/fr\/wp-json\/wp\/v2\/pages\/50685\/revisions"}],"wp:attachment":[{"href":"https:\/\/progegroup.com\/fr\/wp-json\/wp\/v2\/media?parent=50685"}],"curies":[{"name":"wp","href":"https:\/\/api.w.org\/{rel}","templated":true}]}}