{"id":50789,"date":"2021-11-21T15:58:16","date_gmt":"2021-11-21T15:58:16","guid":{"rendered":"https:\/\/progegroup.com\/privacy-policy\/"},"modified":"2021-11-21T16:28:33","modified_gmt":"2021-11-21T16:28:33","slug":"privacy-policy","status":"publish","type":"page","link":"https:\/\/progegroup.com\/fr\/privacy-policy\/","title":{"rendered":"Privacy Policy"},"content":{"rendered":"<p>[et_pb_section fb_built=\u00a0\u00bb1&Prime; _builder_version=\u00a0\u00bb4.10.8&Prime; _module_preset=\u00a0\u00bbdefault\u00a0\u00bb use_background_color_gradient=\u00a0\u00bbon\u00a0\u00bb background_color_gradient_start=\u00a0\u00bbrgba(0,0,0,0.59)\u00a0\u00bb background_color_gradient_end=\u00a0\u00bbrgba(0,0,0,0.75)\u00a0\u00bb background_color_gradient_overlays_image=\u00a0\u00bbon\u00a0\u00bb background_image=\u00a0\u00bbhttps:\/\/progegroup.com\/wp-content\/uploads\/2021\/09\/bkgnews.jpg\u00a0\u00bb locked=\u00a0\u00bboff\u00a0\u00bb global_colors_info=\u00a0\u00bb{}\u00a0\u00bb][et_pb_row _builder_version=\u00a0\u00bb4.10.8&Prime; _module_preset=\u00a0\u00bbdefault\u00a0\u00bb global_colors_info=\u00a0\u00bb{}\u00a0\u00bb][et_pb_column type=\u00a0\u00bb4_4&Prime; _builder_version=\u00a0\u00bb4.10.8&Prime; _module_preset=\u00a0\u00bbdefault\u00a0\u00bb global_colors_info=\u00a0\u00bb{}\u00a0\u00bb][et_pb_text _builder_version=\u00a0\u00bb4.10.8&Prime; _module_preset=\u00a0\u00bbdefault\u00a0\u00bb header_font=\u00a0\u00bb|700|||||||\u00a0\u00bb header_text_color=\u00a0\u00bb#FFFFFF\u00a0\u00bb header_font_size=\u00a0\u00bb46px\u00a0\u00bb global_colors_info=\u00a0\u00bb{}\u00a0\u00bb]<\/p>\n<h1>PRIVACY POLICY<\/h1>\n<p>[\/et_pb_text][\/et_pb_column][\/et_pb_row][\/et_pb_section][et_pb_section fb_built=\u00a0\u00bb1&Prime; admin_label=\u00a0\u00bbsection\u00a0\u00bb _builder_version=\u00a0\u00bb3.22&Prime; custom_padding=\u00a0\u00bb15px|||||\u00a0\u00bb global_colors_info=\u00a0\u00bb{}\u00a0\u00bb][et_pb_row admin_label=\u00a0\u00bbrow\u00a0\u00bb _builder_version=\u00a0\u00bb3.25&Prime; background_size=\u00a0\u00bbinitial\u00a0\u00bb background_position=\u00a0\u00bbtop_left\u00a0\u00bb background_repeat=\u00a0\u00bbrepeat\u00a0\u00bb global_colors_info=\u00a0\u00bb{}\u00a0\u00bb][et_pb_column type=\u00a0\u00bb4_4&Prime; _builder_version=\u00a0\u00bb3.25&Prime; custom_padding=\u00a0\u00bb|||\u00a0\u00bb global_colors_info=\u00a0\u00bb{}\u00a0\u00bb custom_padding__hover=\u00a0\u00bb|||\u00a0\u00bb][et_pb_text admin_label=\u00a0\u00bbText\u00a0\u00bb _builder_version=\u00a0\u00bb4.11.3&Prime; background_size=\u00a0\u00bbinitial\u00a0\u00bb background_position=\u00a0\u00bbtop_left\u00a0\u00bb background_repeat=\u00a0\u00bbrepeat\u00a0\u00bb hover_enabled=\u00a0\u00bb0&Prime; global_colors_info=\u00a0\u00bb{}\u00a0\u00bb sticky_enabled=\u00a0\u00bb0&Prime;]Cette page d\u00e9crit comment g\u00e9rer ce site Web en r\u00e9f\u00e9rence au traitement des donn\u00e9es personnelles des utilisateurs qui le consultent. Le traitement des donn\u00e9es est effectu\u00e9 conform\u00e9ment aux crit\u00e8res \u00e9nonc\u00e9s dans le r\u00e8glement europ\u00e9en sur la protection des donn\u00e9es personnelles, Reg. 2016\/679 \/ UE et tout autre texte l\u00e9gislatif national, disposition ou autorisation de l&rsquo;Autorit\u00e9 comp\u00e9tente qui lui est li\u00e9e. Selon la l\u00e9gislation indiqu\u00e9e, le traitement doit \u00eatre bas\u00e9 sur des principes d&rsquo;exactitude, de l\u00e9galit\u00e9 et de transparence et de protection de votre vie priv\u00e9e et de vos droits.<br \/>\nLes informations sont fournies uniquement pour ce site et non pour d&rsquo;autres sites Internet pouvant \u00eatre consult\u00e9s par l&rsquo;utilisateur via des liens.<\/p>\n<h3>Titulaire<\/h3>\n<p>Suite \u00e0 la consultation de ce site, des donn\u00e9es relatives \u00e0 des personnes identifi\u00e9es ou identifiables pourront \u00eatre trait\u00e9es. Le titulaire de leur traitement est Proge-Tec S.r.l. , en la personne de son repr\u00e9sentant l\u00e9gal pro tempore, ayant son si\u00e8ge social en Italie.<\/p>\n<h3>Lieu de traitement et de communication des donn\u00e9es<\/h3>\n<p>Les traitements li\u00e9s aux services web de ce site ont lieu au si\u00e8ge social susmentionn\u00e9 de la Soci\u00e9t\u00e9 et sont assur\u00e9s par le personnel de la Soci\u00e9t\u00e9 et\/ou par des op\u00e9rations externes de maintenance et de mise \u00e0 jour d\u00fbment mandat\u00e9es. Aucune donn\u00e9e provenant du service Web n&rsquo;est communiqu\u00e9e ou diffus\u00e9e.<\/p>\n<p>Les donn\u00e9es personnelles fournies par les utilisateurs qui soumettent des demandes de services, de prestations ou d&rsquo;informations ne sont utilis\u00e9es que pour ex\u00e9cuter le service ou la prestation demand\u00e9e ou pour fournir les informations demand\u00e9es et ne sont divulgu\u00e9es \u00e0 des tiers d\u00fbment mandat\u00e9s que si tel est le cas. fin n\u00e9cessaire.<\/p>\n<h3>Types de donn\u00e9es trait\u00e9es<\/h3>\n<p><strong>Donn\u00e9es de navigation<\/strong><br \/>\nLes syst\u00e8mes informatiques et les proc\u00e9dures logicielles utilis\u00e9s pour faire fonctionner ce site Web acqui\u00e8rent, au cours de leur fonctionnement normal, certaines donn\u00e9es personnelles dont la transmission est implicite dans l&rsquo;utilisation des protocoles de communication Internet.<br \/>\nIl s&rsquo;agit d&rsquo;informations qui ne sont pas collect\u00e9es pour \u00eatre associ\u00e9es \u00e0 des parties int\u00e9ress\u00e9es identifi\u00e9es, mais qui, par leur nature m\u00eame, pourraient, par le biais de traitements et d&rsquo;associations avec des donn\u00e9es d\u00e9tenues par des tiers, permettre l&rsquo;identification des utilisateurs.<br \/>\nCette cat\u00e9gorie de donn\u00e9es comprend les adresses IP ou les noms de domaine des ordinateurs utilis\u00e9s par les utilisateurs qui se connectent au site, les adresses dans la notation Uniform Resource Identifier (URI) des ressources demand\u00e9es, l&rsquo;heure de la demande, la m\u00e9thode utilis\u00e9e pour soumettre la requ\u00eate au serveur, la taille du fichier obtenu en r\u00e9ponse, le code num\u00e9rique indiquant l&rsquo;\u00e9tat de la r\u00e9ponse donn\u00e9e par le serveur (r\u00e9ussie, erreur, etc.) et d&rsquo;autres param\u00e8tres relatifs au syst\u00e8me d&rsquo;exploitation et \u00e0 l&rsquo;environnement informatique de l&rsquo;utilisateur.<br \/>\nCes donn\u00e9es sont utilis\u00e9es sur ce site dans le seul but d&rsquo;obtenir des informations statistiques anonymes sur l&rsquo;utilisation du site et de v\u00e9rifier son bon fonctionnement. Les donn\u00e9es pourraient \u00eatre utilis\u00e9es pour d\u00e9terminer la responsabilit\u00e9 en cas d&rsquo;hypoth\u00e9tiques d\u00e9lits informatiques contre le site. Pour ces donn\u00e9es, et limit\u00e9es \u00e0 la finalit\u00e9 susmentionn\u00e9e, il n&rsquo;est pas n\u00e9cessaire de demander le consentement.<\/p>\n<p><strong>Donn\u00e9es fournies volontairement par l&rsquo;utilisateur<\/strong><br \/>\nL&rsquo;envoi facultatif, explicite et volontaire d&rsquo;e-mails aux adresses indiqu\u00e9es sur ce site ou en remplissant le formulaire des sections sp\u00e9cifiques avec les champs obligatoires et facultatifs, entra\u00eene l&rsquo;acquisition ult\u00e9rieure des informations et de l&rsquo;adresse de l&rsquo;exp\u00e9diteur, n\u00e9cessaires pour r\u00e9pondre \u00e0 demandes de services et\/ou d&rsquo;informations. Pour ces donn\u00e9es, et limit\u00e9es \u00e0 la finalit\u00e9 mentionn\u00e9e, il n&rsquo;est pas n\u00e9cessaire de demander le consentement.<\/p>\n<h3>Facoltativit\u00e0 del conferimento dei dati<\/h3>\n<p>En dehors de celle pr\u00e9cis\u00e9e pour les donn\u00e9es de navigation, l&rsquo;utilisateur est libre de fournir des donn\u00e9es personnelles pour la demande de services et\/ou d&rsquo;informations. Le d\u00e9faut de les fournir peut rendre impossible l&rsquo;obtention de ce qui est demand\u00e9.<\/p>\n<h3>M\u00e9thodes de traitement<\/h3>\n<p>I dati personali sono trattati dal titolare e da responsabili debitamente nominati per il corretto adempimento delle finalit\u00e0 indicate con strumenti elettronici e archivi cartacei, nonch\u00e9 con l&rsquo;adozione di misure di sicurezza atte a garantire la riservatezza dei dati personali e ad evitare indebiti accessi ai soggetti. non autorizzato. Le responsable du traitement n&rsquo;utilise pas de processus automatis\u00e9s, y compris le profilage, pour atteindre les objectifs \u00e9nonc\u00e9s dans ces informations.<\/p>\n<h3>Conditions de traitement<\/h3>\n<p>Le responsable du traitement traitera les donn\u00e9es personnelles pendant le temps n\u00e9cessaire \u00e0 la r\u00e9alisation des finalit\u00e9s susmentionn\u00e9es et en tout cas pas plus de 2 ans \u00e0 compter de l&rsquo;acquisition des donn\u00e9es aux fins du traitement.<\/p>\n<h3>Droits des parties int\u00e9ress\u00e9es<\/h3>\n<p>Conform\u00e9ment \u00e0 l&rsquo;art. 15 &#8211; 22 GDPR, l&rsquo;int\u00e9ress\u00e9 a le droit de demander au responsable du traitement d&rsquo;acc\u00e9der \u00e0 vos donn\u00e9es personnelles ou de les corriger ou de les annuler ou de limiter leur traitement, ou d&rsquo;avoir le droit de s&rsquo;opposer \u00e0 leur traitement, ainsi que le droit de demander le portabilit\u00e9 des donn\u00e9es.<br \/>\nLa demande peut \u00eatre faite par courrier \u00e9lectronique ou par fax ou par lettre recommand\u00e9e avec pour objet : \u00ab demande de l&rsquo;int\u00e9ress\u00e9 \u00bb pr\u00e9cisant dans la demande le droit que l&rsquo;int\u00e9ress\u00e9 souhaite exercer (annulation, rectification, portabilit\u00e9, oubli), accompagn\u00e9 d&rsquo;un adresse e-mail \/ adresse e-mail certifi\u00e9e \u00e0 laquelle la r\u00e9ponse doit \u00eatre envoy\u00e9e.<br \/>\nLe responsable du traitement ou toute personne d\u00e9sign\u00e9e par celui-ci proc\u00e9dera \u00e0 la satisfaction de la demande dans les 30 jours \u00e0 compter de la date de r\u00e9ception. Si la r\u00e9ponse est complexe, le d\u00e9lai pourra \u00eatre prolong\u00e9 jusqu&rsquo;\u00e0 30 jours suppl\u00e9mentaires, sous r\u00e9serve d&rsquo;une communication opportune \u00e0 l&rsquo;int\u00e9ress\u00e9.<br \/>\nS&rsquo;il juge opportun de faire valoir ses droits, il a le droit de d\u00e9poser une plainte aupr\u00e8s de l&rsquo;autorit\u00e9 de contr\u00f4le comp\u00e9tente, correspondant au Garant national de la vie priv\u00e9e, bas\u00e9 au Palazzo Monte Citorio 121, Rome.[\/et_pb_text][\/et_pb_column][\/et_pb_row][\/et_pb_section]<\/p>\n","protected":false},"excerpt":{"rendered":"<p>PRIVACY POLICYCette page d\u00e9crit comment g\u00e9rer ce site Web en r\u00e9f\u00e9rence au traitement des donn\u00e9es personnelles des utilisateurs qui le consultent. Le traitement des donn\u00e9es est effectu\u00e9 conform\u00e9ment aux crit\u00e8res \u00e9nonc\u00e9s dans le r\u00e8glement europ\u00e9en sur la protection des donn\u00e9es personnelles, Reg. 2016\/679 \/ UE et tout autre texte l\u00e9gislatif national, disposition ou autorisation de l&rsquo;Autorit\u00e9 comp\u00e9tente qui lui est li\u00e9e. Selon la l\u00e9gislation indiqu\u00e9e, le traitement doit \u00eatre bas\u00e9 sur des principes d&rsquo;exactitude, de l\u00e9galit\u00e9 et de transparence et de protection de votre vie priv\u00e9e et de vos droits. Les informations sont fournies uniquement pour ce site et non pour d&rsquo;autres sites Internet pouvant \u00eatre consult\u00e9s par l&rsquo;utilisateur via des liens. Titulaire Suite \u00e0 la consultation de ce site, des donn\u00e9es relatives \u00e0 des personnes identifi\u00e9es ou identifiables pourront \u00eatre trait\u00e9es. Le titulaire de leur traitement est Proge-Tec S.r.l. , en la personne de son repr\u00e9sentant l\u00e9gal pro tempore, ayant son si\u00e8ge social en Italie. Lieu de traitement et de communication des donn\u00e9es Les traitements li\u00e9s aux services web de ce site ont lieu au si\u00e8ge social susmentionn\u00e9 de la Soci\u00e9t\u00e9 et sont assur\u00e9s par le personnel de la Soci\u00e9t\u00e9 et\/ou par des op\u00e9rations externes de maintenance et de [&hellip;]<\/p>\n","protected":false},"author":1,"featured_media":0,"parent":0,"menu_order":0,"comment_status":"closed","ping_status":"open","template":"","meta":{"_et_pb_use_builder":"on","_et_pb_old_content":"","_et_gb_content_width":"","footnotes":""},"class_list":["post-50789","page","type-page","status-publish","hentry"],"_links":{"self":[{"href":"https:\/\/progegroup.com\/fr\/wp-json\/wp\/v2\/pages\/50789","targetHints":{"allow":["GET"]}}],"collection":[{"href":"https:\/\/progegroup.com\/fr\/wp-json\/wp\/v2\/pages"}],"about":[{"href":"https:\/\/progegroup.com\/fr\/wp-json\/wp\/v2\/types\/page"}],"author":[{"embeddable":true,"href":"https:\/\/progegroup.com\/fr\/wp-json\/wp\/v2\/users\/1"}],"replies":[{"embeddable":true,"href":"https:\/\/progegroup.com\/fr\/wp-json\/wp\/v2\/comments?post=50789"}],"version-history":[{"count":0,"href":"https:\/\/progegroup.com\/fr\/wp-json\/wp\/v2\/pages\/50789\/revisions"}],"wp:attachment":[{"href":"https:\/\/progegroup.com\/fr\/wp-json\/wp\/v2\/media?parent=50789"}],"curies":[{"name":"wp","href":"https:\/\/api.w.org\/{rel}","templated":true}]}}